{"id":12048,"date":"2022-11-09T14:41:38","date_gmt":"2022-11-09T14:41:38","guid":{"rendered":"https:\/\/atp-packaging.com\/polityka-prywatnosci"},"modified":"2025-10-09T09:13:24","modified_gmt":"2025-10-09T09:13:24","slug":"polityka-prywatnosci","status":"publish","type":"page","link":"https:\/\/atp-packaging.com\/pl\/polityka-prywatnosci","title":{"rendered":"Polityka prywatno\u015bci"},"content":{"rendered":"\t\t<div data-elementor-type=\"wp-page\" data-elementor-id=\"12048\" class=\"elementor elementor-12048 elementor-1849\" data-elementor-post-type=\"page\">\n\t\t\t\t\t\t\t\t\t<section class=\"elementor-section elementor-top-section elementor-element elementor-element-000d2de elementor-section-boxed elementor-section-height-default elementor-section-height-default\" data-id=\"000d2de\" data-element_type=\"section\" data-settings=\"{&quot;jet_parallax_layout_list&quot;:[]}\">\n\t\t\t\t\t\t<div class=\"elementor-container elementor-column-gap-default\">\n\t\t\t\t\t<div class=\"elementor-column elementor-col-100 elementor-top-column elementor-element elementor-element-dd1a02c\" data-id=\"dd1a02c\" data-element_type=\"column\">\n\t\t\t<div class=\"elementor-widget-wrap elementor-element-populated\">\n\t\t\t\t\t\t\t\t<div class=\"elementor-element elementor-element-bf4c07f elementor-widget elementor-widget-heading\" data-id=\"bf4c07f\" data-element_type=\"widget\" data-widget_type=\"heading.default\">\n\t\t\t\t<div class=\"elementor-widget-container\">\n\t\t\t<style>\/*! elementor - v3.14.0 - 26-06-2023 *\/\n.elementor-heading-title{padding:0;margin:0;line-height:1}.elementor-widget-heading .elementor-heading-title[class*=elementor-size-]>a{color:inherit;font-size:inherit;line-height:inherit}.elementor-widget-heading .elementor-heading-title.elementor-size-small{font-size:15px}.elementor-widget-heading .elementor-heading-title.elementor-size-medium{font-size:19px}.elementor-widget-heading .elementor-heading-title.elementor-size-large{font-size:29px}.elementor-widget-heading .elementor-heading-title.elementor-size-xl{font-size:39px}.elementor-widget-heading .elementor-heading-title.elementor-size-xxl{font-size:59px}<\/style><h1 class=\"elementor-heading-title elementor-size-default\">Polityka prywatno\u015bci<\/h1>\t\t<\/div>\n\t\t\t\t<\/div>\n\t\t\t\t<div class=\"elementor-element elementor-element-fac3d82 elementor-widget elementor-widget-text-editor\" data-id=\"fac3d82\" data-element_type=\"widget\" data-widget_type=\"text-editor.default\">\n\t\t\t\t<div class=\"elementor-widget-container\">\n\t\t\t<style>\/*! elementor - v3.14.0 - 26-06-2023 *\/\n.elementor-widget-text-editor.elementor-drop-cap-view-stacked .elementor-drop-cap{background-color:#69727d;color:#fff}.elementor-widget-text-editor.elementor-drop-cap-view-framed .elementor-drop-cap{color:#69727d;border:3px solid;background-color:transparent}.elementor-widget-text-editor:not(.elementor-drop-cap-view-default) .elementor-drop-cap{margin-top:8px}.elementor-widget-text-editor:not(.elementor-drop-cap-view-default) .elementor-drop-cap-letter{width:1em;height:1em}.elementor-widget-text-editor .elementor-drop-cap{float:left;text-align:center;line-height:1;font-size:50px}.elementor-widget-text-editor .elementor-drop-cap-letter{display:inline-block}<\/style>\t\t\t\t<h2>1. INFORMACJA DLA U\u017bYTKOWNIKA<\/h2>\n<p><strong>Kto jest administratorem Twoich danych osobowych?<\/strong><\/p>\n<p><strong>ATP ENGINEERING AND PACKAGING SL<\/strong> jest ADMINISTRATOREM danych osobowych U\u017bYTKOWNIKA i informuje, \u017ce dane te b\u0119d\u0105 przetwarzane zgodnie z Rozporz\u0105dzeniem (UE) 2016\/679 z dnia 27 kwietnia (RODO) oraz Ustaw\u0105 Organicz\u00adn\u0105 3\/2018 z dnia 5 grudnia (LOPDGDD).<\/p>\n<p><strong>W jakim celu przetwarzamy Twoje dane osobowe i na jakiej podstawie to robimy?<\/strong><\/p>\n<p>W zale\u017cno\u015bci od formularza, za po\u015brednictwem kt\u00f3rego dane osobowe zosta\u0142y zebrane, b\u0119d\u0105 one przetwarzane w spos\u00f3b poufny w nast\u0119puj\u0105cych celach:<\/p>\n<ul>\n<li>W formularzu <strong>kontaktowym<\/strong>:\n<ul>\n<li>Udzielanie odpowiedzi na zapytania lub wszelkiego rodzaju pro\u015bby przes\u0142ane za po\u015brednictwem formularzy kontaktowych na stronie internetowej ADMINISTRATORA. (na podstawie prawnie uzasadnionego interesu administratora, art. 6 ust. 1 lit. f RODO) <\/li>\n<li>Wysy\u0142anie informacji handlowych i reklamowych za po\u015brednictwem poczty elektronicznej, faksu, SMS, MMS, medi\u00f3w spo\u0142eczno\u015bciowych lub innych \u015brodk\u00f3w elektronicznych b\u0105d\u017a fizycznych, obecnych lub przysz\u0142ych, dotycz\u0105cych produkt\u00f3w i us\u0142ug ADMINISTRATORA lub jego partner\u00f3w\/dostawc\u00f3w posiadaj\u0105cych umowy promocyjne. W \u017cadnym wypadku osoby trzecie nie b\u0119d\u0105 mia\u0142y dost\u0119pu do danych osobowych. (na podstawie zgody osoby, kt\u00f3rej dane dotycz\u0105, art. 6 ust. 1 lit. a RODO)  <\/li>\n<li>Przeprowadzanie analiz statystycznych i bada\u0144 rynkowych. (na podstawie prawnie uzasadnionego interesu administratora, art. 6 ust. 1 lit. f RODO) <\/li>\n<\/ul>\n<\/li>\n<li>W formularzu <strong>\u201eCV\u201d<\/strong>: Umo\u017cliwienie osobie zainteresowanej udzia\u0142u w procesach rekrutacyjnych oraz analiza profilu kandydata w celu wyboru osoby na wolne stanowisko. (na podstawie zgody osoby, kt\u00f3rej dane dotycz\u0105, art. 6 ust. 1 lit. a RODO) <\/li>\n<li>W formularzu <strong>\u201eNewsletter\u201d<\/strong>: Przesy\u0142anie biuletyn\u00f3w informacyjnych, aktualno\u015bci, ofert i promocji online. (na podstawie zgody osoby, kt\u00f3rej dane dotycz\u0105, art. 6 ust. 1 lit. a RODO) <\/li>\n<li>W formularzu <strong>\u201eKana\u0142 etyczny lub sygnalist\u00f3w\u201d<\/strong>: Prawid\u0142owe zarz\u0105dzanie kana\u0142em etycznym poprzez rozpatrywanie zg\u0142oszonych nieprawid\u0142owo\u015bci, podejmowanie decyzji o ewentualnym wszcz\u0119ciu post\u0119powania wyja\u015bniaj\u0105cego w celu wykrycia potencjalnych przest\u0119pstw, zapobiegania odpowiedzialno\u015bci oraz unikania zachowa\u0144 sprzecznych z wewn\u0119trznymi lub zewn\u0119trznymi przepisami obowi\u0105zuj\u0105cymi w organizacji. (w celu wype\u0142nienia obowi\u0105zku prawnego, art. 6 ust. 1 lit. c RODO) <\/li>\n<li>W formularzu <strong>\u201eRejestracja u\u017cytkownika\u201d<\/strong>: Zarz\u0105dzanie kontem u\u017cytkownika w celu zapewnienia mu spersonalizowanego dost\u0119pu do strony internetowej i us\u0142ug interaktywnych. (na podstawie zgody osoby, kt\u00f3rej dane dotycz\u0105, art. 6 ust. 1 lit. a RODO) <\/li>\n<\/ul>\n<p><strong>Jak d\u0142ugo b\u0119dziemy przechowywa\u0107 Twoje dane osobowe?<\/strong><\/p>\n<p>Dane b\u0119d\u0105 przechowywane nie d\u0142u\u017cej, ni\u017c jest to konieczne do realizacji celu przetwarzania lub przez okres wymagany przepisami prawa dotycz\u0105cymi ich przechowywania. Gdy nie b\u0119d\u0105 ju\u017c potrzebne, zostan\u0105 usuni\u0119te przy zastosowaniu odpowiednich \u015brodk\u00f3w bezpiecze\u0144stwa zapewniaj\u0105cych ich anonimizacj\u0119 lub ca\u0142kowite zniszczenie. <\/p>\n<p><strong>Komu przekazujemy Twoje dane osobowe?<\/strong><\/p>\n<p>Nie przewiduje si\u0119 przekazywania danych osobowych osobom trzecim, chyba \u017ce b\u0119dzie to konieczne do realizacji i wykonania cel\u00f3w przetwarzania \u2013 podmiotom \u015bwiadcz\u0105cym us\u0142ugi zwi\u0105zane z komunikacj\u0105, z kt\u00f3rymi ADMINISTRATOR zawar\u0142 umowy o zachowaniu poufno\u015bci i powierzeniu przetwarzania danych, zgodnie z obowi\u0105zuj\u0105cymi przepisami o ochronie prywatno\u015bci.<\/p>\n<p><strong>Jakie s\u0105 Twoje prawa?<br \/><\/strong><br \/>Prawa przys\u0142uguj\u0105ce U\u017bYTKOWNIKOWI to:<\/p>\n<ul>\n<li>Prawo do wycofania zgody w dowolnym momencie.<\/li>\n<li>Prawo dost\u0119pu, sprostowania, przenoszenia i usuni\u0119cia swoich danych oraz ograniczenia lub sprzeciwu wobec ich przetwarzania.<\/li>\n<li>Prawo do z\u0142o\u017cenia skargi do organu nadzorczego (www.aepd.es), je\u015bli uzna, \u017ce przetwarzanie danych nie jest zgodne z obowi\u0105zuj\u0105cymi przepisami.<\/li>\n<\/ul>\n<p><strong>Dane kontaktowe do realizacji swoich praw:<\/strong><br \/>ATP ENGINEERING AND PACKAGING SL. Ctra. Barcelona 66, Parc del Mol\u00ed, 10-11 &#8211; 08210 Barber\u00e0 del Vall\u00e8s (Barcelona).<br \/>Email: <span style=\"text-decoration: underline;\"><span style=\"color: #003560;\"><a style=\"color: #003560; text-decoration: underline;\" href=\"mailto:rgpd@atp-packaging.com\">rgpd@atp-packaging.com<\/a><\/span><\/span>  <\/p>\n<h2>2. OBOWI\u0104ZKOWY LUB DOBROWOLNY CHARAKTER INFORMACJI PODANYCH PRZEZ U\u017bYTKOWNIKA<\/h2>\n<p>U\u017bYTKOWNICY, zaznaczaj\u0105c odpowiednie pola wyboru i wprowadzaj\u0105c dane w pola oznaczone gwiazdk\u0105 (*) w formularzach kontaktowych lub pobraniowych, wyra\u017caj\u0105 w spos\u00f3b wyra\u017any, dobrowolny i jednoznaczny zgod\u0119 na to, \u017ce ich dane s\u0105 niezb\u0119dne do realizacji ich pro\u015bby. Podanie danych w pozosta\u0142ych polach jest dobrowolne. U\u017bYTKOWNIK gwarantuje, \u017ce dane osobowe przekazane ADMINISTRATOROWI s\u0105 prawdziwe i zobowi\u0105zuje si\u0119 do poinformowania o wszelkich ich zmianach.  <\/p>\n<p>ADMINISTRATOR informuje, \u017ce wszystkie dane wymagane za po\u015brednictwem strony internetowej s\u0105 obowi\u0105zkowe, poniewa\u017c s\u0105 niezb\u0119dne do \u015bwiadczenia us\u0142ug na najwy\u017cszym poziomie. W przypadku niepodania wszystkich danych nie mo\u017cna zagwarantowa\u0107, \u017ce informacje i us\u0142ugi oferowane b\u0119d\u0105 w pe\u0142ni odpowiada\u0142y potrzebom U\u017bYTKOWNIKA. <\/p>\n<h2>3. \u015aRODKI BEZPIECZE\u0143STWA<\/h2>\n<p>Zgodnie z obowi\u0105zuj\u0105cymi przepisami dotycz\u0105cymi ochrony danych osobowych ADMINISTRATOR przestrzega wszystkich postanowie\u0144 RODO i LOPDGDD w zakresie przetwarzania danych osobowych, za kt\u00f3re ponosi odpowiedzialno\u015b\u0107, stosuj\u0105c zasady opisane w artykule 5 RODO: przetwarzanie danych w spos\u00f3b zgodny z prawem, rzetelny i przejrzysty wobec osoby, kt\u00f3rej dane dotycz\u0105, oraz adekwatny, istotny i ograniczony do tego, co niezb\u0119dne w odniesieniu do cel\u00f3w, w jakich dane te s\u0105 przetwarzane.<\/p>\n<p>ADMINISTRATOR gwarantuje, \u017ce wdro\u017cy\u0142 odpowiednie \u015brodki techniczne i organizacyjne w celu zastosowania zabezpiecze\u0144 okre\u015blonych w RODO i LOPDGDD, aby chroni\u0107 prawa i wolno\u015bci U\u017bYTKOWNIK\u00d3W oraz zapewni\u0107 im niezb\u0119dne informacje umo\u017cliwiaj\u0105ce ich realizacj\u0119.<\/p>\n<p>Aby uzyska\u0107 wi\u0119cej informacji na temat gwarancji ochrony prywatno\u015bci, mo\u017cesz skontaktowa\u0107 si\u0119 z ADMINISTRATOREM za po\u015brednictwem:<br \/>ATP ENGINEERING AND PACKAGING SL, Ctra. Barcelona 66, Parc del Mol\u00ed, 10-11 \u2013 08210 Barber\u00e0 del Vall\u00e8s (Barcelona).<br \/>E-mail: rgpd@atp-packaging.com   <\/p>\n\t\t\t\t\t\t<\/div>\n\t\t\t\t<\/div>\n\t\t\t\t\t<\/div>\n\t\t<\/div>\n\t\t\t\t\t\t\t<\/div>\n\t\t<\/section>\n\t\t\t\t\t\t\t<\/div>\n\t\t","protected":false},"excerpt":{"rendered":"<p>Polityka prywatno\u015bci 1. INFORMACJA DLA U\u017bYTKOWNIKA Kto jest administratorem Twoich danych osobowych? ATP ENGINEERING AND PACKAGING SL jest ADMINISTRATOREM danych osobowych U\u017bYTKOWNIKA i informuje, \u017ce dane te b\u0119d\u0105 przetwarzane zgodnie z Rozporz\u0105dzeniem (UE) 2016\/679 z dnia 27 kwietnia (RODO) oraz Ustaw\u0105 Organicz\u00adn\u0105 3\/2018 z dnia 5 grudnia (LOPDGDD). W jakim celu przetwarzamy Twoje dane osobowe [&hellip;]<\/p>\n","protected":false},"author":1,"featured_media":0,"parent":0,"menu_order":0,"comment_status":"closed","ping_status":"closed","template":"","meta":{"footnotes":""},"class_list":["post-12048","page","type-page","status-publish","hentry"],"yoast_head":"<!-- This site is optimized with the Yoast SEO plugin v20.10 - https:\/\/yoast.com\/wordpress\/plugins\/seo\/ -->\n<title>Polityka prywatno\u015bci - ATP<\/title>\n<meta name=\"robots\" content=\"index, follow, max-snippet:-1, max-image-preview:large, max-video-preview:-1\" \/>\n<link rel=\"canonical\" href=\"https:\/\/atp-packaging.com\/pl\/polityka-prywatnosci\" \/>\n<meta property=\"og:locale\" content=\"pl_PL\" \/>\n<meta property=\"og:type\" content=\"article\" \/>\n<meta property=\"og:title\" content=\"Polityka prywatno\u015bci - ATP\" \/>\n<meta property=\"og:description\" content=\"Polityka prywatno\u015bci 1. INFORMACJA DLA U\u017bYTKOWNIKA Kto jest administratorem Twoich danych osobowych? ATP ENGINEERING AND PACKAGING SL jest ADMINISTRATOREM danych osobowych U\u017bYTKOWNIKA i informuje, \u017ce dane te b\u0119d\u0105 przetwarzane zgodnie z Rozporz\u0105dzeniem (UE) 2016\/679 z dnia 27 kwietnia (RODO) oraz Ustaw\u0105 Organicz\u00adn\u0105 3\/2018 z dnia 5 grudnia (LOPDGDD). W jakim celu przetwarzamy Twoje dane osobowe [&hellip;]\" \/>\n<meta property=\"og:url\" content=\"https:\/\/atp-packaging.com\/pl\/polityka-prywatnosci\" \/>\n<meta property=\"og:site_name\" content=\"ATP\" \/>\n<meta property=\"article:modified_time\" content=\"2025-10-09T09:13:24+00:00\" \/>\n<meta name=\"twitter:card\" content=\"summary_large_image\" \/>\n<meta name=\"twitter:label1\" content=\"Szacowany czas czytania\" \/>\n\t<meta name=\"twitter:data1\" content=\"4 minuty\" \/>\n<script type=\"application\/ld+json\" class=\"yoast-schema-graph\">{\"@context\":\"https:\/\/schema.org\",\"@graph\":[{\"@type\":\"WebPage\",\"@id\":\"https:\/\/atp-packaging.com\/pl\/polityka-prywatnosci\",\"url\":\"https:\/\/atp-packaging.com\/pl\/polityka-prywatnosci\",\"name\":\"Polityka prywatno\u015bci - ATP\",\"isPartOf\":{\"@id\":\"https:\/\/atp-packaging.com\/en\/#website\"},\"datePublished\":\"2022-11-09T14:41:38+00:00\",\"dateModified\":\"2025-10-09T09:13:24+00:00\",\"breadcrumb\":{\"@id\":\"https:\/\/atp-packaging.com\/pl\/polityka-prywatnosci#breadcrumb\"},\"inLanguage\":\"pl-PL\",\"potentialAction\":[{\"@type\":\"ReadAction\",\"target\":[\"https:\/\/atp-packaging.com\/pl\/polityka-prywatnosci\"]}]},{\"@type\":\"BreadcrumbList\",\"@id\":\"https:\/\/atp-packaging.com\/pl\/polityka-prywatnosci#breadcrumb\",\"itemListElement\":[{\"@type\":\"ListItem\",\"position\":1,\"name\":\"Portada\",\"item\":\"https:\/\/atp-packaging.com\/\"},{\"@type\":\"ListItem\",\"position\":2,\"name\":\"Polityka prywatno\u015bci\"}]},{\"@type\":\"WebSite\",\"@id\":\"https:\/\/atp-packaging.com\/en\/#website\",\"url\":\"https:\/\/atp-packaging.com\/en\/\",\"name\":\"ATP\",\"description\":\"ENGINEERING &amp; PACKAGING\",\"publisher\":{\"@id\":\"https:\/\/atp-packaging.com\/en\/#organization\"},\"potentialAction\":[{\"@type\":\"SearchAction\",\"target\":{\"@type\":\"EntryPoint\",\"urlTemplate\":\"https:\/\/atp-packaging.com\/en\/?s={search_term_string}\"},\"query-input\":\"required name=search_term_string\"}],\"inLanguage\":\"pl-PL\"},{\"@type\":\"Organization\",\"@id\":\"https:\/\/atp-packaging.com\/en\/#organization\",\"name\":\"ATP\",\"url\":\"https:\/\/atp-packaging.com\/en\/\",\"logo\":{\"@type\":\"ImageObject\",\"inLanguage\":\"pl-PL\",\"@id\":\"https:\/\/atp-packaging.com\/en\/#\/schema\/logo\/image\/\",\"url\":\"https:\/\/atp-packaging.com\/wp-content\/uploads\/2022\/09\/logo.svg\",\"contentUrl\":\"https:\/\/atp-packaging.com\/wp-content\/uploads\/2022\/09\/logo.svg\",\"caption\":\"ATP\"},\"image\":{\"@id\":\"https:\/\/atp-packaging.com\/en\/#\/schema\/logo\/image\/\"}}]}<\/script>\n<!-- \/ Yoast SEO plugin. -->","yoast_head_json":{"title":"Polityka prywatno\u015bci - ATP","robots":{"index":"index","follow":"follow","max-snippet":"max-snippet:-1","max-image-preview":"max-image-preview:large","max-video-preview":"max-video-preview:-1"},"canonical":"https:\/\/atp-packaging.com\/pl\/polityka-prywatnosci","og_locale":"pl_PL","og_type":"article","og_title":"Polityka prywatno\u015bci - ATP","og_description":"Polityka prywatno\u015bci 1. INFORMACJA DLA U\u017bYTKOWNIKA Kto jest administratorem Twoich danych osobowych? ATP ENGINEERING AND PACKAGING SL jest ADMINISTRATOREM danych osobowych U\u017bYTKOWNIKA i informuje, \u017ce dane te b\u0119d\u0105 przetwarzane zgodnie z Rozporz\u0105dzeniem (UE) 2016\/679 z dnia 27 kwietnia (RODO) oraz Ustaw\u0105 Organicz\u00adn\u0105 3\/2018 z dnia 5 grudnia (LOPDGDD). W jakim celu przetwarzamy Twoje dane osobowe [&hellip;]","og_url":"https:\/\/atp-packaging.com\/pl\/polityka-prywatnosci","og_site_name":"ATP","article_modified_time":"2025-10-09T09:13:24+00:00","twitter_card":"summary_large_image","twitter_misc":{"Szacowany czas czytania":"4 minuty"},"schema":{"@context":"https:\/\/schema.org","@graph":[{"@type":"WebPage","@id":"https:\/\/atp-packaging.com\/pl\/polityka-prywatnosci","url":"https:\/\/atp-packaging.com\/pl\/polityka-prywatnosci","name":"Polityka prywatno\u015bci - ATP","isPartOf":{"@id":"https:\/\/atp-packaging.com\/en\/#website"},"datePublished":"2022-11-09T14:41:38+00:00","dateModified":"2025-10-09T09:13:24+00:00","breadcrumb":{"@id":"https:\/\/atp-packaging.com\/pl\/polityka-prywatnosci#breadcrumb"},"inLanguage":"pl-PL","potentialAction":[{"@type":"ReadAction","target":["https:\/\/atp-packaging.com\/pl\/polityka-prywatnosci"]}]},{"@type":"BreadcrumbList","@id":"https:\/\/atp-packaging.com\/pl\/polityka-prywatnosci#breadcrumb","itemListElement":[{"@type":"ListItem","position":1,"name":"Portada","item":"https:\/\/atp-packaging.com\/"},{"@type":"ListItem","position":2,"name":"Polityka prywatno\u015bci"}]},{"@type":"WebSite","@id":"https:\/\/atp-packaging.com\/en\/#website","url":"https:\/\/atp-packaging.com\/en\/","name":"ATP","description":"ENGINEERING &amp; PACKAGING","publisher":{"@id":"https:\/\/atp-packaging.com\/en\/#organization"},"potentialAction":[{"@type":"SearchAction","target":{"@type":"EntryPoint","urlTemplate":"https:\/\/atp-packaging.com\/en\/?s={search_term_string}"},"query-input":"required name=search_term_string"}],"inLanguage":"pl-PL"},{"@type":"Organization","@id":"https:\/\/atp-packaging.com\/en\/#organization","name":"ATP","url":"https:\/\/atp-packaging.com\/en\/","logo":{"@type":"ImageObject","inLanguage":"pl-PL","@id":"https:\/\/atp-packaging.com\/en\/#\/schema\/logo\/image\/","url":"https:\/\/atp-packaging.com\/wp-content\/uploads\/2022\/09\/logo.svg","contentUrl":"https:\/\/atp-packaging.com\/wp-content\/uploads\/2022\/09\/logo.svg","caption":"ATP"},"image":{"@id":"https:\/\/atp-packaging.com\/en\/#\/schema\/logo\/image\/"}}]}},"_links":{"self":[{"href":"https:\/\/atp-packaging.com\/pl\/wp-json\/wp\/v2\/pages\/12048","targetHints":{"allow":["GET"]}}],"collection":[{"href":"https:\/\/atp-packaging.com\/pl\/wp-json\/wp\/v2\/pages"}],"about":[{"href":"https:\/\/atp-packaging.com\/pl\/wp-json\/wp\/v2\/types\/page"}],"author":[{"embeddable":true,"href":"https:\/\/atp-packaging.com\/pl\/wp-json\/wp\/v2\/users\/1"}],"replies":[{"embeddable":true,"href":"https:\/\/atp-packaging.com\/pl\/wp-json\/wp\/v2\/comments?post=12048"}],"version-history":[{"count":1,"href":"https:\/\/atp-packaging.com\/pl\/wp-json\/wp\/v2\/pages\/12048\/revisions"}],"predecessor-version":[{"id":12049,"href":"https:\/\/atp-packaging.com\/pl\/wp-json\/wp\/v2\/pages\/12048\/revisions\/12049"}],"wp:attachment":[{"href":"https:\/\/atp-packaging.com\/pl\/wp-json\/wp\/v2\/media?parent=12048"}],"curies":[{"name":"wp","href":"https:\/\/api.w.org\/{rel}","templated":true}]}}