{"id":3694,"date":"2022-11-09T14:41:38","date_gmt":"2022-11-09T14:41:38","guid":{"rendered":"https:\/\/atp-packaging.com\/politique-de-confidentialite"},"modified":"2025-10-09T08:47:57","modified_gmt":"2025-10-09T08:47:57","slug":"politique-de-confidentialite","status":"publish","type":"page","link":"https:\/\/atp-packaging.com\/fr\/politique-de-confidentialite","title":{"rendered":"Politique de confidentialit\u00e9"},"content":{"rendered":"\t\t<div data-elementor-type=\"wp-page\" data-elementor-id=\"3694\" class=\"elementor elementor-3694 elementor-1849\" data-elementor-post-type=\"page\">\n\t\t\t\t\t\t\t\t\t<section class=\"elementor-section elementor-top-section elementor-element elementor-element-000d2de elementor-section-boxed elementor-section-height-default elementor-section-height-default\" data-id=\"000d2de\" data-element_type=\"section\" data-settings=\"{&quot;jet_parallax_layout_list&quot;:[]}\">\n\t\t\t\t\t\t<div class=\"elementor-container elementor-column-gap-default\">\n\t\t\t\t\t<div class=\"elementor-column elementor-col-100 elementor-top-column elementor-element elementor-element-dd1a02c\" data-id=\"dd1a02c\" data-element_type=\"column\">\n\t\t\t<div class=\"elementor-widget-wrap elementor-element-populated\">\n\t\t\t\t\t\t\t\t<div class=\"elementor-element elementor-element-bf4c07f elementor-widget elementor-widget-heading\" data-id=\"bf4c07f\" data-element_type=\"widget\" data-widget_type=\"heading.default\">\n\t\t\t\t<div class=\"elementor-widget-container\">\n\t\t\t<style>\/*! elementor - v3.14.0 - 26-06-2023 *\/\n.elementor-heading-title{padding:0;margin:0;line-height:1}.elementor-widget-heading .elementor-heading-title[class*=elementor-size-]>a{color:inherit;font-size:inherit;line-height:inherit}.elementor-widget-heading .elementor-heading-title.elementor-size-small{font-size:15px}.elementor-widget-heading .elementor-heading-title.elementor-size-medium{font-size:19px}.elementor-widget-heading .elementor-heading-title.elementor-size-large{font-size:29px}.elementor-widget-heading .elementor-heading-title.elementor-size-xl{font-size:39px}.elementor-widget-heading .elementor-heading-title.elementor-size-xxl{font-size:59px}<\/style><h1 class=\"elementor-heading-title elementor-size-default\">Politique de confidentialit\u00e9<\/h1>\t\t<\/div>\n\t\t\t\t<\/div>\n\t\t\t\t<div class=\"elementor-element elementor-element-fac3d82 elementor-widget elementor-widget-text-editor\" data-id=\"fac3d82\" data-element_type=\"widget\" data-widget_type=\"text-editor.default\">\n\t\t\t\t<div class=\"elementor-widget-container\">\n\t\t\t<style>\/*! elementor - v3.14.0 - 26-06-2023 *\/\n.elementor-widget-text-editor.elementor-drop-cap-view-stacked .elementor-drop-cap{background-color:#69727d;color:#fff}.elementor-widget-text-editor.elementor-drop-cap-view-framed .elementor-drop-cap{color:#69727d;border:3px solid;background-color:transparent}.elementor-widget-text-editor:not(.elementor-drop-cap-view-default) .elementor-drop-cap{margin-top:8px}.elementor-widget-text-editor:not(.elementor-drop-cap-view-default) .elementor-drop-cap-letter{width:1em;height:1em}.elementor-widget-text-editor .elementor-drop-cap{float:left;text-align:center;line-height:1;font-size:50px}.elementor-widget-text-editor .elementor-drop-cap-letter{display:inline-block}<\/style>\t\t\t\t<h2>1. INFORMATION DE L&rsquo;UTILISATEUR<\/h2>\n<p><strong>Qui est le responsable du traitement de vos donn\u00e9es personnelles ?<\/strong><\/p>\n<p><strong>ATP ENGINEERING AND PACKAGING SL<\/strong> est le RESPONSABLE du traitement des donn\u00e9es personnelles de l\u2019UTILISATEUR et l\u2019informe que ces donn\u00e9es seront trait\u00e9es conform\u00e9ment aux dispositions du R\u00e8glement (UE) 2016\/679 du 27 avril (RGPD) et de la Loi organique 3\/2018 du 5 d\u00e9cembre (LOPDGDD).<\/p>\n<p><strong>Pourquoi traitons-nous vos donn\u00e9es personnelles et \u00e0 quelles fins le faisons-nous ?<\/strong><\/p>\n<p>Selon le formulaire \u00e0 partir duquel les donn\u00e9es personnelles ont \u00e9t\u00e9 obtenues, celles-ci seront trait\u00e9es de mani\u00e8re confidentielle afin d\u2019atteindre les objectifs suivants :<\/p>\n<ul>\n<li>Dans le formulaire de <strong>Contact<\/strong>:\n<ul>\n<li>R\u00e9pondre aux demandes de renseignements ou \u00e0 toute autre requ\u00eate effectu\u00e9e via les formulaires de contact du site web du RESPONSABLE. (pour l\u2019int\u00e9r\u00eat l\u00e9gitime du responsable, art. 6.1.f RGPD) <\/li>\n<li>Envoyer des communications commerciales et publicitaires par e-mail, fax, SMS, MMS, r\u00e9seaux sociaux ou tout autre moyen \u00e9lectronique ou physique, pr\u00e9sent ou futur, en lien avec les produits et services du RESPONSABLE ou de ses partenaires\/fournisseurs ayant des accords promotionnels. En aucun cas les tiers n\u2019auront acc\u00e8s aux donn\u00e9es personnelles. (avec le consentement de la personne concern\u00e9e, art. 6.1.a RGPD)  <\/li>\n<li>R\u00e9aliser des analyses statistiques et des \u00e9tudes de march\u00e9. (pour l\u2019int\u00e9r\u00eat l\u00e9gitime du responsable, art. 6.1.f RGPD) <\/li>\n<\/ul>\n<\/li>\n<li>Dans le formulaire de <strong>Curriculum <\/strong>: Faire participer la personne concern\u00e9e aux processus de s\u00e9lection du personnel et analyser le profil du candidat afin de s\u00e9lectionner un postulant pour le poste vacant. (avec le consentement de la personne concern\u00e9e, art. 6.1.a RGPD) <\/li>\n<li>Dans le formulaire <strong>Newsletter <\/strong>: Envoyer des bulletins d\u2019information, des nouveaut\u00e9s, des offres et des promotions en ligne. (avec le consentement de la personne concern\u00e9e, art. 6.1.a RGPD) <\/li>\n<li>Dans le formulaire <strong>Canal \u00e9thique ou de signalement:<\/strong> G\u00e9rer correctement le canal \u00e9thique, traiter les irr\u00e9gularit\u00e9s signal\u00e9es, d\u00e9cider de l\u2019opportunit\u00e9 d\u2019ouvrir une enqu\u00eate, afin de d\u00e9tecter d\u2019\u00e9ventuelles infractions, pr\u00e9venir les responsabilit\u00e9s et \u00e9viter les comportements contraires aux r\u00e9glementations internes ou externes de l\u2019entit\u00e9. (pour le respect d\u2019une obligation l\u00e9gale, art. 6.1.c RGPD) <\/li>\n<li>Dans le formulaire <strong>d\u2019Enregistrement de l\u2019utilisateur:<\/strong> G\u00e9rer le compte de l\u2019utilisateur afin de lui fournir un acc\u00e8s personnalis\u00e9 au site web et aux services interactifs. (avec le consentement de la personne concern\u00e9e, art. 6.1.a RGPD) <\/li>\n<\/ul>\n<p><strong>Pendant combien de temps conserverons-nous vos donn\u00e9es personnelles ?<\/strong><\/p>\n<p>Elles seront conserv\u00e9es pendant une dur\u00e9e n\u2019exc\u00e9dant pas celle n\u00e9cessaire \u00e0 la r\u00e9alisation de la finalit\u00e9 du traitement ou conform\u00e9ment aux prescriptions l\u00e9gales imposant leur conservation. Lorsqu\u2019elles ne seront plus n\u00e9cessaires, elles seront supprim\u00e9es \u00e0 l\u2019aide de mesures de s\u00e9curit\u00e9 appropri\u00e9es garantissant leur anonymisation ou leur destruction totale. <\/p>\n<p><strong>\u00c0 qui communiquons-nous vos donn\u00e9es personnelles ?<\/strong><\/p>\n<p>Aucune communication de donn\u00e9es personnelles \u00e0 des tiers n\u2019est pr\u00e9vue, sauf si cela est n\u00e9cessaire au d\u00e9veloppement et \u00e0 l\u2019ex\u00e9cution des finalit\u00e9s du traitement, \u00e0 des prestataires de services li\u00e9s aux communications, avec lesquels le RESPONSABLE a sign\u00e9 les contrats de confidentialit\u00e9 et de sous-traitance exig\u00e9s par la r\u00e9glementation en vigueur en mati\u00e8re de protection de la vie priv\u00e9e.<\/p>\n<p><strong>Quels sont vos droits ?<br \/><\/strong><br \/>Les droits dont dispose l\u2019UTILISATEUR sont :<\/p>\n<ul>\n<li>Droit de retirer son consentement \u00e0 tout moment.<\/li>\n<li>Droit d&rsquo;acc\u00e8s, de rectification, de portabilit\u00e9 et d&rsquo;effacement de leurs donn\u00e9es, et de limiter ou de s&rsquo;opposer \u00e0 leur traitement.<\/li>\n<li>Droit d\u2019introduire une r\u00e9clamation aupr\u00e8s de l\u2019Autorit\u00e9 de Contr\u00f4le (www.aepd.es) s\u2019il estime que le traitement n\u2019est pas conforme \u00e0 la r\u00e9glementation en vigueur.<\/li>\n<\/ul>\n<p><strong>Coordonn\u00e9es pour exercer vos droits:<\/strong><br \/>ATP ENGINEERING AND PACKAGING SL. Ctra. Barcelona 66, Parc del Mol\u00ed, 10-11 &#8211; 08210 Barber\u00e0 del Vall\u00e8s (Barcelona).<br \/>Email: <span style=\"text-decoration: underline;\"><span style=\"color: #003560;\"><a style=\"color: #003560; text-decoration: underline;\" href=\"mailto:rgpd@atp-packaging.com\">rgpd@atp-packaging.com<\/a><\/span><\/span><\/p>\n<h2>2. CARACT\u00c8RE OBLIGATOIRE OU FACULTATIF DES INFORMATIONS FOURNIES PAR L&rsquo;UTILISATEUR<\/h2>\n<p>Les UTILISATEURS, en cochant les cases correspondantes et en saisissant les donn\u00e9es dans les champs marqu\u00e9s d\u2019un ast\u00e9risque (*) dans les formulaires de contact ou de t\u00e9l\u00e9chargement, acceptent express\u00e9ment, librement et sans \u00e9quivoque, que leurs donn\u00e9es sont n\u00e9cessaires pour r\u00e9pondre \u00e0 leur demande. La fourniture de donn\u00e9es dans les autres champs est facultative. L\u2019UTILISATEUR garantit que les donn\u00e9es personnelles fournies au RESPONSABLE sont v\u00e9ridiques et s\u2019engage \u00e0 communiquer toute modification de celles-ci.  <\/p>\n<p>Le RESPONSABLE informe que toutes les donn\u00e9es demand\u00e9es via le site web sont obligatoires, car elles sont n\u00e9cessaires pour la prestation d\u2019un service optimal. En cas de non-fourniture de toutes les donn\u00e9es, il n\u2019est pas garanti que les informations et les services propos\u00e9s correspondent pleinement aux besoins de l\u2019UTILISATEUR. <\/p>\n<h2>3. MESURES DE S\u00c9CURIT\u00c9<\/h2>\n<p>Conform\u00e9ment aux dispositions des r\u00e9glementations en vigueur en mati\u00e8re de protection des donn\u00e9es personnelles, le RESPONSABLE respecte toutes les obligations pr\u00e9vues par le RGPD et la LOPDGDD pour le traitement des donn\u00e9es personnelles dont il est responsable, en appliquant les principes d\u00e9crits \u00e0 l\u2019article 5 du RGPD : trait\u00e9es de mani\u00e8re licite, loyale et transparente \u00e0 l\u2019\u00e9gard de la personne concern\u00e9e, et ad\u00e9quates, pertinentes et limit\u00e9es \u00e0 ce qui est n\u00e9cessaire au regard des finalit\u00e9s pour lesquelles elles sont trait\u00e9es.<\/p>\n<p>Le RESPONSABLE garantit avoir mis en \u0153uvre des politiques techniques et organisationnelles appropri\u00e9es afin d\u2019appliquer les mesures de s\u00e9curit\u00e9 pr\u00e9vues par le RGPD et la LOPDGDD, dans le but de prot\u00e9ger les droits et libert\u00e9s des UTILISATEURS et de leur fournir les informations n\u00e9cessaires pour leur permettre de les exercer.<\/p>\n<p>Pour plus d\u2019informations sur les garanties de confidentialit\u00e9, vous pouvez contacter le RESPONSABLE via ATP ENGINEERING AND PACKAGING SL. Ctra. Barcelona 66, Parc del Mol\u00ed, 10-11 &#8211; 08210 Barber\u00e0 del Vall\u00e8s (Barcelona). E-mail: rgpd@atp-packaging.com<\/p>\n\t\t\t\t\t\t<\/div>\n\t\t\t\t<\/div>\n\t\t\t\t\t<\/div>\n\t\t<\/div>\n\t\t\t\t\t\t\t<\/div>\n\t\t<\/section>\n\t\t\t\t\t\t\t<\/div>\n\t\t","protected":false},"excerpt":{"rendered":"<p>Politique de confidentialit\u00e9 1. INFORMATION DE L&rsquo;UTILISATEUR Qui est le responsable du traitement de vos donn\u00e9es personnelles ? ATP ENGINEERING AND PACKAGING SL est le RESPONSABLE du traitement des donn\u00e9es personnelles de l\u2019UTILISATEUR et l\u2019informe que ces donn\u00e9es seront trait\u00e9es conform\u00e9ment aux dispositions du R\u00e8glement (UE) 2016\/679 du 27 avril (RGPD) et de la Loi [&hellip;]<\/p>\n","protected":false},"author":1,"featured_media":0,"parent":0,"menu_order":0,"comment_status":"closed","ping_status":"closed","template":"","meta":{"footnotes":""},"class_list":["post-3694","page","type-page","status-publish","hentry"],"yoast_head":"<!-- This site is optimized with the Yoast SEO plugin v20.10 - https:\/\/yoast.com\/wordpress\/plugins\/seo\/ -->\n<title>Politique de confidentialit\u00e9 - ATP<\/title>\n<meta name=\"robots\" content=\"index, follow, max-snippet:-1, max-image-preview:large, max-video-preview:-1\" \/>\n<link rel=\"canonical\" href=\"https:\/\/atp-packaging.com\/fr\/politique-de-confidentialite\" \/>\n<meta property=\"og:locale\" content=\"fr_FR\" \/>\n<meta property=\"og:type\" content=\"article\" \/>\n<meta property=\"og:title\" content=\"Politique de confidentialit\u00e9 - ATP\" \/>\n<meta property=\"og:description\" content=\"Politique de confidentialit\u00e9 1. INFORMATION DE L&rsquo;UTILISATEUR Qui est le responsable du traitement de vos donn\u00e9es personnelles ? ATP ENGINEERING AND PACKAGING SL est le RESPONSABLE du traitement des donn\u00e9es personnelles de l\u2019UTILISATEUR et l\u2019informe que ces donn\u00e9es seront trait\u00e9es conform\u00e9ment aux dispositions du R\u00e8glement (UE) 2016\/679 du 27 avril (RGPD) et de la Loi [&hellip;]\" \/>\n<meta property=\"og:url\" content=\"https:\/\/atp-packaging.com\/fr\/politique-de-confidentialite\" \/>\n<meta property=\"og:site_name\" content=\"ATP\" \/>\n<meta property=\"article:modified_time\" content=\"2025-10-09T08:47:57+00:00\" \/>\n<meta name=\"twitter:card\" content=\"summary_large_image\" \/>\n<meta name=\"twitter:label1\" content=\"Dur\u00e9e de lecture estim\u00e9e\" \/>\n\t<meta name=\"twitter:data1\" content=\"5 minutes\" \/>\n<script type=\"application\/ld+json\" class=\"yoast-schema-graph\">{\"@context\":\"https:\/\/schema.org\",\"@graph\":[{\"@type\":\"WebPage\",\"@id\":\"https:\/\/atp-packaging.com\/fr\/politique-de-confidentialite\",\"url\":\"https:\/\/atp-packaging.com\/fr\/politique-de-confidentialite\",\"name\":\"Politique de confidentialit\u00e9 - ATP\",\"isPartOf\":{\"@id\":\"https:\/\/atp-packaging.com\/en\/#website\"},\"datePublished\":\"2022-11-09T14:41:38+00:00\",\"dateModified\":\"2025-10-09T08:47:57+00:00\",\"breadcrumb\":{\"@id\":\"https:\/\/atp-packaging.com\/fr\/politique-de-confidentialite#breadcrumb\"},\"inLanguage\":\"fr-FR\",\"potentialAction\":[{\"@type\":\"ReadAction\",\"target\":[\"https:\/\/atp-packaging.com\/fr\/politique-de-confidentialite\"]}]},{\"@type\":\"BreadcrumbList\",\"@id\":\"https:\/\/atp-packaging.com\/fr\/politique-de-confidentialite#breadcrumb\",\"itemListElement\":[{\"@type\":\"ListItem\",\"position\":1,\"name\":\"Portada\",\"item\":\"https:\/\/atp-packaging.com\/fr\"},{\"@type\":\"ListItem\",\"position\":2,\"name\":\"Politique de confidentialit\u00e9\"}]},{\"@type\":\"WebSite\",\"@id\":\"https:\/\/atp-packaging.com\/en\/#website\",\"url\":\"https:\/\/atp-packaging.com\/en\/\",\"name\":\"ATP\",\"description\":\"ENGINEERING &amp; PACKAGING\",\"publisher\":{\"@id\":\"https:\/\/atp-packaging.com\/en\/#organization\"},\"potentialAction\":[{\"@type\":\"SearchAction\",\"target\":{\"@type\":\"EntryPoint\",\"urlTemplate\":\"https:\/\/atp-packaging.com\/en\/?s={search_term_string}\"},\"query-input\":\"required name=search_term_string\"}],\"inLanguage\":\"fr-FR\"},{\"@type\":\"Organization\",\"@id\":\"https:\/\/atp-packaging.com\/en\/#organization\",\"name\":\"ATP\",\"url\":\"https:\/\/atp-packaging.com\/en\/\",\"logo\":{\"@type\":\"ImageObject\",\"inLanguage\":\"fr-FR\",\"@id\":\"https:\/\/atp-packaging.com\/en\/#\/schema\/logo\/image\/\",\"url\":\"https:\/\/atp-packaging.com\/wp-content\/uploads\/2022\/09\/logo.svg\",\"contentUrl\":\"https:\/\/atp-packaging.com\/wp-content\/uploads\/2022\/09\/logo.svg\",\"caption\":\"ATP\"},\"image\":{\"@id\":\"https:\/\/atp-packaging.com\/en\/#\/schema\/logo\/image\/\"}}]}<\/script>\n<!-- \/ Yoast SEO plugin. -->","yoast_head_json":{"title":"Politique de confidentialit\u00e9 - ATP","robots":{"index":"index","follow":"follow","max-snippet":"max-snippet:-1","max-image-preview":"max-image-preview:large","max-video-preview":"max-video-preview:-1"},"canonical":"https:\/\/atp-packaging.com\/fr\/politique-de-confidentialite","og_locale":"fr_FR","og_type":"article","og_title":"Politique de confidentialit\u00e9 - ATP","og_description":"Politique de confidentialit\u00e9 1. INFORMATION DE L&rsquo;UTILISATEUR Qui est le responsable du traitement de vos donn\u00e9es personnelles ? ATP ENGINEERING AND PACKAGING SL est le RESPONSABLE du traitement des donn\u00e9es personnelles de l\u2019UTILISATEUR et l\u2019informe que ces donn\u00e9es seront trait\u00e9es conform\u00e9ment aux dispositions du R\u00e8glement (UE) 2016\/679 du 27 avril (RGPD) et de la Loi [&hellip;]","og_url":"https:\/\/atp-packaging.com\/fr\/politique-de-confidentialite","og_site_name":"ATP","article_modified_time":"2025-10-09T08:47:57+00:00","twitter_card":"summary_large_image","twitter_misc":{"Dur\u00e9e de lecture estim\u00e9e":"5 minutes"},"schema":{"@context":"https:\/\/schema.org","@graph":[{"@type":"WebPage","@id":"https:\/\/atp-packaging.com\/fr\/politique-de-confidentialite","url":"https:\/\/atp-packaging.com\/fr\/politique-de-confidentialite","name":"Politique de confidentialit\u00e9 - ATP","isPartOf":{"@id":"https:\/\/atp-packaging.com\/en\/#website"},"datePublished":"2022-11-09T14:41:38+00:00","dateModified":"2025-10-09T08:47:57+00:00","breadcrumb":{"@id":"https:\/\/atp-packaging.com\/fr\/politique-de-confidentialite#breadcrumb"},"inLanguage":"fr-FR","potentialAction":[{"@type":"ReadAction","target":["https:\/\/atp-packaging.com\/fr\/politique-de-confidentialite"]}]},{"@type":"BreadcrumbList","@id":"https:\/\/atp-packaging.com\/fr\/politique-de-confidentialite#breadcrumb","itemListElement":[{"@type":"ListItem","position":1,"name":"Portada","item":"https:\/\/atp-packaging.com\/fr"},{"@type":"ListItem","position":2,"name":"Politique de confidentialit\u00e9"}]},{"@type":"WebSite","@id":"https:\/\/atp-packaging.com\/en\/#website","url":"https:\/\/atp-packaging.com\/en\/","name":"ATP","description":"ENGINEERING &amp; PACKAGING","publisher":{"@id":"https:\/\/atp-packaging.com\/en\/#organization"},"potentialAction":[{"@type":"SearchAction","target":{"@type":"EntryPoint","urlTemplate":"https:\/\/atp-packaging.com\/en\/?s={search_term_string}"},"query-input":"required name=search_term_string"}],"inLanguage":"fr-FR"},{"@type":"Organization","@id":"https:\/\/atp-packaging.com\/en\/#organization","name":"ATP","url":"https:\/\/atp-packaging.com\/en\/","logo":{"@type":"ImageObject","inLanguage":"fr-FR","@id":"https:\/\/atp-packaging.com\/en\/#\/schema\/logo\/image\/","url":"https:\/\/atp-packaging.com\/wp-content\/uploads\/2022\/09\/logo.svg","contentUrl":"https:\/\/atp-packaging.com\/wp-content\/uploads\/2022\/09\/logo.svg","caption":"ATP"},"image":{"@id":"https:\/\/atp-packaging.com\/en\/#\/schema\/logo\/image\/"}}]}},"_links":{"self":[{"href":"https:\/\/atp-packaging.com\/fr\/wp-json\/wp\/v2\/pages\/3694","targetHints":{"allow":["GET"]}}],"collection":[{"href":"https:\/\/atp-packaging.com\/fr\/wp-json\/wp\/v2\/pages"}],"about":[{"href":"https:\/\/atp-packaging.com\/fr\/wp-json\/wp\/v2\/types\/page"}],"author":[{"embeddable":true,"href":"https:\/\/atp-packaging.com\/fr\/wp-json\/wp\/v2\/users\/1"}],"replies":[{"embeddable":true,"href":"https:\/\/atp-packaging.com\/fr\/wp-json\/wp\/v2\/comments?post=3694"}],"version-history":[{"count":2,"href":"https:\/\/atp-packaging.com\/fr\/wp-json\/wp\/v2\/pages\/3694\/revisions"}],"predecessor-version":[{"id":12046,"href":"https:\/\/atp-packaging.com\/fr\/wp-json\/wp\/v2\/pages\/3694\/revisions\/12046"}],"wp:attachment":[{"href":"https:\/\/atp-packaging.com\/fr\/wp-json\/wp\/v2\/media?parent=3694"}],"curies":[{"name":"wp","href":"https:\/\/api.w.org\/{rel}","templated":true}]}}