{"id":12102,"date":"2025-10-13T13:02:29","date_gmt":"2025-10-13T13:02:29","guid":{"rendered":"https:\/\/atp-packaging.com\/?page_id=12102"},"modified":"2026-03-25T18:56:53","modified_gmt":"2026-03-25T18:56:53","slug":"mentions-legales","status":"publish","type":"page","link":"https:\/\/atp-packaging.com\/fr\/mentions-legales","title":{"rendered":"Mentions l\u00e9gales"},"content":{"rendered":"\t\t<div data-elementor-type=\"wp-page\" data-elementor-id=\"12102\" class=\"elementor elementor-12102 elementor-12100\" data-elementor-post-type=\"page\">\n\t\t\t\t\t\t\t\t\t<section class=\"elementor-section elementor-top-section elementor-element elementor-element-000d2de elementor-section-boxed elementor-section-height-default elementor-section-height-default\" data-id=\"000d2de\" data-element_type=\"section\" data-settings=\"{&quot;jet_parallax_layout_list&quot;:[]}\">\n\t\t\t\t\t\t<div class=\"elementor-container elementor-column-gap-default\">\n\t\t\t\t\t<div class=\"elementor-column elementor-col-100 elementor-top-column elementor-element elementor-element-dd1a02c\" data-id=\"dd1a02c\" data-element_type=\"column\">\n\t\t\t<div class=\"elementor-widget-wrap elementor-element-populated\">\n\t\t\t\t\t\t\t\t<div class=\"elementor-element elementor-element-bf4c07f elementor-widget elementor-widget-heading\" data-id=\"bf4c07f\" data-element_type=\"widget\" data-widget_type=\"heading.default\">\n\t\t\t\t<div class=\"elementor-widget-container\">\n\t\t\t<style>\/*! elementor - v3.14.0 - 26-06-2023 *\/\n.elementor-heading-title{padding:0;margin:0;line-height:1}.elementor-widget-heading .elementor-heading-title[class*=elementor-size-]>a{color:inherit;font-size:inherit;line-height:inherit}.elementor-widget-heading .elementor-heading-title.elementor-size-small{font-size:15px}.elementor-widget-heading .elementor-heading-title.elementor-size-medium{font-size:19px}.elementor-widget-heading .elementor-heading-title.elementor-size-large{font-size:29px}.elementor-widget-heading .elementor-heading-title.elementor-size-xl{font-size:39px}.elementor-widget-heading .elementor-heading-title.elementor-size-xxl{font-size:59px}<\/style><h1 class=\"elementor-heading-title elementor-size-default\">Mentions l\u00e9gales<\/h1>\t\t<\/div>\n\t\t\t\t<\/div>\n\t\t\t\t<div class=\"elementor-element elementor-element-fac3d82 elementor-widget elementor-widget-text-editor\" data-id=\"fac3d82\" data-element_type=\"widget\" data-widget_type=\"text-editor.default\">\n\t\t\t\t<div class=\"elementor-widget-container\">\n\t\t\t<style>\/*! elementor - v3.14.0 - 26-06-2023 *\/\n.elementor-widget-text-editor.elementor-drop-cap-view-stacked .elementor-drop-cap{background-color:#69727d;color:#fff}.elementor-widget-text-editor.elementor-drop-cap-view-framed .elementor-drop-cap{color:#69727d;border:3px solid;background-color:transparent}.elementor-widget-text-editor:not(.elementor-drop-cap-view-default) .elementor-drop-cap{margin-top:8px}.elementor-widget-text-editor:not(.elementor-drop-cap-view-default) .elementor-drop-cap-letter{width:1em;height:1em}.elementor-widget-text-editor .elementor-drop-cap{float:left;text-align:center;line-height:1;font-size:50px}.elementor-widget-text-editor .elementor-drop-cap-letter{display:inline-block}<\/style>\t\t\t\t<h2>LOI SUR LES SERVICES DE LA SOCI\u00c9T\u00c9 DE L\u2019INFORMATION (LSSI)<\/h2>\n<p><strong>ATP ENGINEERING AND PACKAGING SL<\/strong>, responsable du site web, ci-apr\u00e8s d\u00e9nomm\u00e9e le RESPONSABLE, met \u00e0 la disposition des utilisateurs le pr\u00e9sent document, par lequel elle entend se conformer aux obligations pr\u00e9vues par la Loi 34\/2002 du 11 juillet relative aux Services de la Soci\u00e9t\u00e9 de l\u2019Information et au Commerce \u00c9lectronique (LSSICE), BOE n\u00b0166, ainsi qu\u2019informer tous les utilisateurs du site web des conditions d\u2019utilisation.<\/p>\n<p>Toute personne acc\u00e9dant \u00e0 ce site Web assume le r\u00f4le d&rsquo;utilisateur, s&rsquo;engageant \u00e0 respecter et \u00e0 se conformer strictement aux dispositions de la pr\u00e9sente, ainsi qu&rsquo;\u00e0 toute autre disposition l\u00e9gale qui pourrait \u00eatre applicable.<\/p>\n<p><strong>ATP ENGINEERING AND PACKAGING SL<\/strong> se r\u00e9serve le droit de modifier tout type d\u2019information pouvant appara\u00eetre sur le site web, sans qu\u2019il existe d\u2019obligation de pr\u00e9avis ou de notification aux utilisateurs concernant ces modifications, la publication sur le site web d\u2019ATP ENGINEERING AND PACKAGING SL \u00e9tant consid\u00e9r\u00e9e comme suffisante.<\/p>\n<h2>1. DONN\u00c9ES D&rsquo;IDENTIFICATION<\/h2>\n<ul>\n<li><strong>Nom de domaine<\/strong>: atp-packaging.com<\/li>\n<li><strong>Nom commercial<\/strong>: ATP<\/li>\n<li><strong>Nom de la soci\u00e9t\u00e9<\/strong>: ATP ENGINEERING AND PACKAGING SL<\/li>\n<li><strong>NIF<\/strong>: B61218491<\/li>\n<li><strong>Si\u00e8ge social<\/strong>: Ctra. Barcelona 66, Parc del Mol\u00ed, 10-11 &#8211; 08210 Barber\u00e0 del Vall\u00e8s (Barcelona)<\/li>\n<li><strong>T\u00e9l\u00e9phone<\/strong>: 937297980<\/li>\n<li><strong>\n  <a style=\"color: #003560; text-decoration: underline;\" href=\"mailto:rgpd@atp-packaging.com\">E-mail<\/a>\n<\/strong>: rgpd@atp-packaging.com<\/li>\n<li><strong>Registre du commerce<\/strong>: Barcelone, Tome 29387, Section B, Feuillet 157, Feuille 148980, Inscription 1\u02b3\u1d49<\/li>\n<\/ul>\n<h2>2. DROITS DE PROPRI\u00c9T\u00c9 INTELLECTUELLE ET INDUSTRIELLE<\/h2>\n<p>Le site web, y compris \u2014 \u00e0 titre \u00e9nonciatif mais non limitatif \u2014 sa programmation, son \u00e9dition, sa compilation et les autres \u00e9l\u00e9ments n\u00e9cessaires \u00e0 son fonctionnement, ainsi que les designs, logos, textes et\/ou graphiques, sont la propri\u00e9t\u00e9 du RESPONSABLE ou, le cas \u00e9ch\u00e9ant, font l\u2019objet d\u2019une licence ou d\u2019une autorisation expresse de la part des auteurs. L\u2019ensemble des contenus du site web est d\u00fbment prot\u00e9g\u00e9 par la r\u00e9glementation relative \u00e0 la propri\u00e9t\u00e9 intellectuelle et industrielle, ainsi qu\u2019enregistr\u00e9 dans les registres publics correspondants. <\/p>\n<p>Ind\u00e9pendamment de la finalit\u00e9 \u00e0 laquelle ils sont destin\u00e9s, la reproduction totale ou partielle, l\u2019utilisation, l\u2019exploitation, la distribution ou la commercialisation n\u00e9cessitent dans tous les cas l\u2019autorisation \u00e9crite pr\u00e9alable du RESPONSABLE. Toute utilisation non pr\u00e9alablement autoris\u00e9e est consid\u00e9r\u00e9e comme une violation grave des droits de propri\u00e9t\u00e9 intellectuelle ou industrielle de l\u2019auteur.<\/p>\n<p>Les designs, logos, textes et\/ou \u00e9l\u00e9ments graphiques n\u2019appartenant pas au RESPONSABLE et pouvant appara\u00eetre sur le site web appartiennent \u00e0 leurs propri\u00e9taires respectifs, lesquels sont seuls responsables de toute \u00e9ventuelle controverse pouvant survenir \u00e0 leur sujet. Le RESPONSABLE autorise express\u00e9ment les tiers \u00e0 rediriger directement vers des contenus sp\u00e9cifiques du site web et, en tout \u00e9tat de cause, \u00e0 rediriger vers le site principal atp-packaging.com. <\/p>\n<p>Le RESPONSABLE reconna\u00eet au profit de leurs titulaires les droits de propri\u00e9t\u00e9 intellectuelle et industrielle correspondants. Leur simple mention ou apparition sur le site web n\u2019implique en aucun cas l\u2019existence de droits ou de responsabilit\u00e9 \u00e0 leur \u00e9gard, ni aucun soutien, parrainage ou recommandation de la part du RESPONSABLE.<\/p>\n<p>Pour formuler toute observation relative \u00e0 d\u2019\u00e9ventuelles violations des droits de propri\u00e9t\u00e9 intellectuelle ou industrielle, ainsi que concernant l\u2019un quelconque des contenus du site web, vous pouvez le faire par courrier \u00e9lectronique \u00e0 l\u2019adresse <a style=\"color: #003560; text-decoration: underline;\" href=\"mailto:rgpd@atp-packaging.com\">rgpd@atp-packaging.com<\/a>.<\/p>\n<h2>3. EXON\u00c9RATION DE RESPONSABILIT\u00c9<\/h2>\n<p>Le RESPONSABLE se d\u00e9gage de toute responsabilit\u00e9 quant aux informations publi\u00e9es sur son site web, tant qu\u2019il n\u2019a pas une connaissance effective du fait que ces informations ont \u00e9t\u00e9 manipul\u00e9es ou introduites par un tiers ext\u00e9rieur, ou que, dans le cas contraire, il a agi avec diligence pour retirer les donn\u00e9es ou en rendre l\u2019acc\u00e8s impossible.<\/p>\n<h3>Utilisation de cookies<\/h3>\n<p>Ce site web peut utiliser des cookies techniques (petits fichiers d\u2019information que le serveur envoie \u00e0 l\u2019ordinateur de la personne acc\u00e9dant \u00e0 la page) afin d\u2019ex\u00e9cuter certaines fonctions indispensables au bon fonctionnement et \u00e0 l\u2019affichage du site. Les cookies utilis\u00e9s sont, en tout \u00e9tat de cause, temporaires et ont pour seule finalit\u00e9 de rendre la navigation plus efficace ; ils disparaissent \u00e0 la fin de la session de l\u2019utilisateur. En aucun cas ces cookies ne fournissent, \u00e0 eux seuls, des donn\u00e9es \u00e0 caract\u00e8re personnel et ne seront utilis\u00e9s pour leur collecte.  <\/p>\n<p>Gr\u00e2ce \u00e0 l\u2019utilisation de cookies, il est \u00e9galement possible que le serveur reconnaisse le navigateur utilis\u00e9 par l\u2019utilisateur afin de faciliter la navigation, en permettant par exemple l\u2019acc\u00e8s des utilisateurs enregistr\u00e9s \u00e0 des zones ou services r\u00e9serv\u00e9s sans avoir \u00e0 se reconnecter \u00e0 chaque visite. Ils peuvent \u00e9galement \u00eatre utilis\u00e9s pour mesurer l\u2019audience, les param\u00e8tres de trafic, contr\u00f4ler la progression et le nombre de visites, etc.  Ce site web n&rsquo;installera pas de cookies dispensables sans le consentement pr\u00e9alable de l&rsquo;utilisateur.<\/p>\n<p>Ce site web utilise des cookies analytiques afin d\u2019activer la fonction de contr\u00f4le des visites uniques dans le but de faciliter la navigation. Tout utilisateur visitant le site est inform\u00e9 de l\u2019utilisation de ces cookies au moyen d\u2019une banni\u00e8re flottante. Si l\u2019utilisateur en accepte l\u2019utilisation, la banni\u00e8re dispara\u00eetra ; toutefois, il pourra retirer son consentement \u00e0 tout moment et obtenir davantage d\u2019informations en consultant notre Politique de cookies.  <\/p>\n<p>L\u2019utilisateur peut configurer son navigateur afin d\u2019\u00eatre averti de la r\u00e9ception de cookies et d\u2019en emp\u00eacher l\u2019installation sur son appareil. Veuillez consulter les instructions de votre navigateur pour obtenir de plus amples informations. <\/p>\n<h3>Politique de liens<\/h3>\n<p>Depuis le site web, il est possible d\u2019\u00eatre redirig\u00e9 vers des contenus appartenant \u00e0 des tiers. \u00c9tant donn\u00e9 que le RESPONSABLE ne peut pas toujours contr\u00f4ler les contenus introduits par des tiers, il n\u2019assume aucune responsabilit\u00e9 \u00e0 leur \u00e9gard. En tout \u00e9tat de cause, il proc\u00e9dera au retrait imm\u00e9diat de tout contenu contrevenant \u00e0 la l\u00e9gislation, \u00e0 la morale ou \u00e0 l\u2019ordre public, supprimera la redirection et en informera les autorit\u00e9s comp\u00e9tentes.  <\/p>\n<p>Le RESPONSABLE n\u2019est pas responsable des informations et contenus stock\u00e9s dans des forums, chats, g\u00e9n\u00e9rateurs de blogs, commentaires, r\u00e9seaux sociaux ou tout autre moyen permettant \u00e0 des tiers de publier des contenus de mani\u00e8re ind\u00e9pendante. Toutefois, conform\u00e9ment aux articles 11 et 16 de la LSSICE, il collabore activement au retrait ou au blocage de tous les contenus susceptibles de porter atteinte aux droits de tiers ou de contrevenir \u00e0 la l\u00e9gislation en vigueur. <\/p>\n<p>Ce site web a \u00e9t\u00e9 r\u00e9vis\u00e9 et test\u00e9 afin de garantir son bon fonctionnement. En principe, son accessibilit\u00e9 peut \u00eatre assur\u00e9e 24 heures sur 24 et 365 jours par an. Cependant, le RESPONSABLE ne peut exclure l\u2019existence d\u2019erreurs de programmation ou de cas de force majeure pouvant emp\u00eacher l\u2019acc\u00e8s temporaire au site web.  <\/p>\n<h3>Adresses IP<\/h3>\n<p>Les serveurs du site web peuvent d\u00e9tecter automatiquement l\u2019adresse IP et le nom de domaine utilis\u00e9s par l\u2019utilisateur. Une adresse IP est un num\u00e9ro attribu\u00e9 automatiquement \u00e0 un ordinateur lorsqu\u2019il se connecte \u00e0 Internet. Ces informations sont enregistr\u00e9es dans un fichier d\u2019activit\u00e9 du serveur \u00e0 des fins exclusivement statistiques, permettant de conna\u00eetre le nombre de visites, l\u2019ordre d\u2019acc\u00e8s et d\u2019autres donn\u00e9es d\u2019utilisation.  <\/p>\n<h2>4. DROIT APPLICABLE ET JURIDICTION<\/h2>\n<p>Pour la r\u00e9solution de tout litige ou question li\u00e9e au pr\u00e9sent site web ou aux activit\u00e9s qui y sont exerc\u00e9es, la l\u00e9gislation espagnole sera applicable, \u00e0 laquelle les parties se soumettent express\u00e9ment. Les tribunaux comp\u00e9tents seront ceux du domicile de l\u2019UTILISATEUR ou du lieu d\u2019ex\u00e9cution de l\u2019obligation. <\/p>\t\t\t\t\t\t<\/div>\n\t\t\t\t<\/div>\n\t\t\t\t\t<\/div>\n\t\t<\/div>\n\t\t\t\t\t\t\t<\/div>\n\t\t<\/section>\n\t\t\t\t\t\t\t<\/div>\n\t\t","protected":false},"excerpt":{"rendered":"<p>Mentions l\u00e9gales LOI SUR LES SERVICES DE LA SOCI\u00c9T\u00c9 DE L\u2019INFORMATION (LSSI) ATP ENGINEERING AND PACKAGING SL, responsable du site web, ci-apr\u00e8s d\u00e9nomm\u00e9e le RESPONSABLE, met \u00e0 la disposition des utilisateurs le pr\u00e9sent document, par lequel elle entend se conformer aux obligations pr\u00e9vues par la Loi 34\/2002 du 11 juillet relative aux Services de la [&hellip;]<\/p>\n","protected":false},"author":4,"featured_media":0,"parent":0,"menu_order":0,"comment_status":"closed","ping_status":"closed","template":"","meta":{"footnotes":""},"class_list":["post-12102","page","type-page","status-publish","hentry"],"yoast_head":"<!-- This site is optimized with the Yoast SEO plugin v20.10 - https:\/\/yoast.com\/wordpress\/plugins\/seo\/ -->\n<title>Mentions l\u00e9gales - ATP<\/title>\n<meta name=\"robots\" content=\"index, follow, max-snippet:-1, max-image-preview:large, max-video-preview:-1\" \/>\n<link rel=\"canonical\" href=\"https:\/\/atp-packaging.com\/fr\/mentions-legales\" \/>\n<meta property=\"og:locale\" content=\"fr_FR\" \/>\n<meta property=\"og:type\" content=\"article\" \/>\n<meta property=\"og:title\" content=\"Mentions l\u00e9gales - ATP\" \/>\n<meta property=\"og:description\" content=\"Mentions l\u00e9gales LOI SUR LES SERVICES DE LA SOCI\u00c9T\u00c9 DE L\u2019INFORMATION (LSSI) ATP ENGINEERING AND PACKAGING SL, responsable du site web, ci-apr\u00e8s d\u00e9nomm\u00e9e le RESPONSABLE, met \u00e0 la disposition des utilisateurs le pr\u00e9sent document, par lequel elle entend se conformer aux obligations pr\u00e9vues par la Loi 34\/2002 du 11 juillet relative aux Services de la [&hellip;]\" \/>\n<meta property=\"og:url\" content=\"https:\/\/atp-packaging.com\/fr\/mentions-legales\" \/>\n<meta property=\"og:site_name\" content=\"ATP\" \/>\n<meta property=\"article:modified_time\" content=\"2026-03-25T18:56:53+00:00\" \/>\n<meta name=\"twitter:card\" content=\"summary_large_image\" \/>\n<meta name=\"twitter:label1\" content=\"Dur\u00e9e de lecture estim\u00e9e\" \/>\n\t<meta name=\"twitter:data1\" content=\"6 minutes\" \/>\n<script type=\"application\/ld+json\" class=\"yoast-schema-graph\">{\"@context\":\"https:\/\/schema.org\",\"@graph\":[{\"@type\":\"WebPage\",\"@id\":\"https:\/\/atp-packaging.com\/fr\/mentions-legales\",\"url\":\"https:\/\/atp-packaging.com\/fr\/mentions-legales\",\"name\":\"Mentions l\u00e9gales - ATP\",\"isPartOf\":{\"@id\":\"https:\/\/atp-packaging.com\/en\/#website\"},\"datePublished\":\"2025-10-13T13:02:29+00:00\",\"dateModified\":\"2026-03-25T18:56:53+00:00\",\"breadcrumb\":{\"@id\":\"https:\/\/atp-packaging.com\/fr\/mentions-legales#breadcrumb\"},\"inLanguage\":\"fr-FR\",\"potentialAction\":[{\"@type\":\"ReadAction\",\"target\":[\"https:\/\/atp-packaging.com\/fr\/mentions-legales\"]}]},{\"@type\":\"BreadcrumbList\",\"@id\":\"https:\/\/atp-packaging.com\/fr\/mentions-legales#breadcrumb\",\"itemListElement\":[{\"@type\":\"ListItem\",\"position\":1,\"name\":\"Portada\",\"item\":\"https:\/\/atp-packaging.com\/fr\"},{\"@type\":\"ListItem\",\"position\":2,\"name\":\"Mentions l\u00e9gales\"}]},{\"@type\":\"WebSite\",\"@id\":\"https:\/\/atp-packaging.com\/en\/#website\",\"url\":\"https:\/\/atp-packaging.com\/en\/\",\"name\":\"ATP\",\"description\":\"ENGINEERING &amp; PACKAGING\",\"publisher\":{\"@id\":\"https:\/\/atp-packaging.com\/en\/#organization\"},\"potentialAction\":[{\"@type\":\"SearchAction\",\"target\":{\"@type\":\"EntryPoint\",\"urlTemplate\":\"https:\/\/atp-packaging.com\/en\/?s={search_term_string}\"},\"query-input\":\"required name=search_term_string\"}],\"inLanguage\":\"fr-FR\"},{\"@type\":\"Organization\",\"@id\":\"https:\/\/atp-packaging.com\/en\/#organization\",\"name\":\"ATP\",\"url\":\"https:\/\/atp-packaging.com\/en\/\",\"logo\":{\"@type\":\"ImageObject\",\"inLanguage\":\"fr-FR\",\"@id\":\"https:\/\/atp-packaging.com\/en\/#\/schema\/logo\/image\/\",\"url\":\"https:\/\/atp-packaging.com\/wp-content\/uploads\/2022\/09\/logo.svg\",\"contentUrl\":\"https:\/\/atp-packaging.com\/wp-content\/uploads\/2022\/09\/logo.svg\",\"caption\":\"ATP\"},\"image\":{\"@id\":\"https:\/\/atp-packaging.com\/en\/#\/schema\/logo\/image\/\"}}]}<\/script>\n<!-- \/ Yoast SEO plugin. -->","yoast_head_json":{"title":"Mentions l\u00e9gales - ATP","robots":{"index":"index","follow":"follow","max-snippet":"max-snippet:-1","max-image-preview":"max-image-preview:large","max-video-preview":"max-video-preview:-1"},"canonical":"https:\/\/atp-packaging.com\/fr\/mentions-legales","og_locale":"fr_FR","og_type":"article","og_title":"Mentions l\u00e9gales - ATP","og_description":"Mentions l\u00e9gales LOI SUR LES SERVICES DE LA SOCI\u00c9T\u00c9 DE L\u2019INFORMATION (LSSI) ATP ENGINEERING AND PACKAGING SL, responsable du site web, ci-apr\u00e8s d\u00e9nomm\u00e9e le RESPONSABLE, met \u00e0 la disposition des utilisateurs le pr\u00e9sent document, par lequel elle entend se conformer aux obligations pr\u00e9vues par la Loi 34\/2002 du 11 juillet relative aux Services de la [&hellip;]","og_url":"https:\/\/atp-packaging.com\/fr\/mentions-legales","og_site_name":"ATP","article_modified_time":"2026-03-25T18:56:53+00:00","twitter_card":"summary_large_image","twitter_misc":{"Dur\u00e9e de lecture estim\u00e9e":"6 minutes"},"schema":{"@context":"https:\/\/schema.org","@graph":[{"@type":"WebPage","@id":"https:\/\/atp-packaging.com\/fr\/mentions-legales","url":"https:\/\/atp-packaging.com\/fr\/mentions-legales","name":"Mentions l\u00e9gales - ATP","isPartOf":{"@id":"https:\/\/atp-packaging.com\/en\/#website"},"datePublished":"2025-10-13T13:02:29+00:00","dateModified":"2026-03-25T18:56:53+00:00","breadcrumb":{"@id":"https:\/\/atp-packaging.com\/fr\/mentions-legales#breadcrumb"},"inLanguage":"fr-FR","potentialAction":[{"@type":"ReadAction","target":["https:\/\/atp-packaging.com\/fr\/mentions-legales"]}]},{"@type":"BreadcrumbList","@id":"https:\/\/atp-packaging.com\/fr\/mentions-legales#breadcrumb","itemListElement":[{"@type":"ListItem","position":1,"name":"Portada","item":"https:\/\/atp-packaging.com\/fr"},{"@type":"ListItem","position":2,"name":"Mentions l\u00e9gales"}]},{"@type":"WebSite","@id":"https:\/\/atp-packaging.com\/en\/#website","url":"https:\/\/atp-packaging.com\/en\/","name":"ATP","description":"ENGINEERING &amp; PACKAGING","publisher":{"@id":"https:\/\/atp-packaging.com\/en\/#organization"},"potentialAction":[{"@type":"SearchAction","target":{"@type":"EntryPoint","urlTemplate":"https:\/\/atp-packaging.com\/en\/?s={search_term_string}"},"query-input":"required name=search_term_string"}],"inLanguage":"fr-FR"},{"@type":"Organization","@id":"https:\/\/atp-packaging.com\/en\/#organization","name":"ATP","url":"https:\/\/atp-packaging.com\/en\/","logo":{"@type":"ImageObject","inLanguage":"fr-FR","@id":"https:\/\/atp-packaging.com\/en\/#\/schema\/logo\/image\/","url":"https:\/\/atp-packaging.com\/wp-content\/uploads\/2022\/09\/logo.svg","contentUrl":"https:\/\/atp-packaging.com\/wp-content\/uploads\/2022\/09\/logo.svg","caption":"ATP"},"image":{"@id":"https:\/\/atp-packaging.com\/en\/#\/schema\/logo\/image\/"}}]}},"_links":{"self":[{"href":"https:\/\/atp-packaging.com\/fr\/wp-json\/wp\/v2\/pages\/12102","targetHints":{"allow":["GET"]}}],"collection":[{"href":"https:\/\/atp-packaging.com\/fr\/wp-json\/wp\/v2\/pages"}],"about":[{"href":"https:\/\/atp-packaging.com\/fr\/wp-json\/wp\/v2\/types\/page"}],"author":[{"embeddable":true,"href":"https:\/\/atp-packaging.com\/fr\/wp-json\/wp\/v2\/users\/4"}],"replies":[{"embeddable":true,"href":"https:\/\/atp-packaging.com\/fr\/wp-json\/wp\/v2\/comments?post=12102"}],"version-history":[{"count":3,"href":"https:\/\/atp-packaging.com\/fr\/wp-json\/wp\/v2\/pages\/12102\/revisions"}],"predecessor-version":[{"id":12126,"href":"https:\/\/atp-packaging.com\/fr\/wp-json\/wp\/v2\/pages\/12102\/revisions\/12126"}],"wp:attachment":[{"href":"https:\/\/atp-packaging.com\/fr\/wp-json\/wp\/v2\/media?parent=12102"}],"curies":[{"name":"wp","href":"https:\/\/api.w.org\/{rel}","templated":true}]}}