{"id":2805,"date":"2022-11-09T14:41:38","date_gmt":"2022-11-09T14:41:38","guid":{"rendered":"https:\/\/limbicdevv-a-a.b.wetopi.com\/privacy-policy"},"modified":"2025-10-09T09:01:41","modified_gmt":"2025-10-09T09:01:41","slug":"privacy-policy","status":"publish","type":"page","link":"https:\/\/atp-packaging.com\/en\/privacy-policy","title":{"rendered":"Privacy Policy"},"content":{"rendered":"\t\t<div data-elementor-type=\"wp-page\" data-elementor-id=\"2805\" class=\"elementor elementor-2805 elementor-1849\" data-elementor-post-type=\"page\">\n\t\t\t\t\t\t\t\t\t<section class=\"elementor-section elementor-top-section elementor-element elementor-element-000d2de elementor-section-boxed elementor-section-height-default elementor-section-height-default\" data-id=\"000d2de\" data-element_type=\"section\" data-settings=\"{&quot;jet_parallax_layout_list&quot;:[]}\">\n\t\t\t\t\t\t<div class=\"elementor-container elementor-column-gap-default\">\n\t\t\t\t\t<div class=\"elementor-column elementor-col-100 elementor-top-column elementor-element elementor-element-dd1a02c\" data-id=\"dd1a02c\" data-element_type=\"column\">\n\t\t\t<div class=\"elementor-widget-wrap elementor-element-populated\">\n\t\t\t\t\t\t\t\t<div class=\"elementor-element elementor-element-bf4c07f elementor-widget elementor-widget-heading\" data-id=\"bf4c07f\" data-element_type=\"widget\" data-widget_type=\"heading.default\">\n\t\t\t\t<div class=\"elementor-widget-container\">\n\t\t\t<style>\/*! elementor - v3.14.0 - 26-06-2023 *\/\n.elementor-heading-title{padding:0;margin:0;line-height:1}.elementor-widget-heading .elementor-heading-title[class*=elementor-size-]>a{color:inherit;font-size:inherit;line-height:inherit}.elementor-widget-heading .elementor-heading-title.elementor-size-small{font-size:15px}.elementor-widget-heading .elementor-heading-title.elementor-size-medium{font-size:19px}.elementor-widget-heading .elementor-heading-title.elementor-size-large{font-size:29px}.elementor-widget-heading .elementor-heading-title.elementor-size-xl{font-size:39px}.elementor-widget-heading .elementor-heading-title.elementor-size-xxl{font-size:59px}<\/style><h1 class=\"elementor-heading-title elementor-size-default\">Privacy Policy<\/h1>\t\t<\/div>\n\t\t\t\t<\/div>\n\t\t\t\t<div class=\"elementor-element elementor-element-fac3d82 elementor-widget elementor-widget-text-editor\" data-id=\"fac3d82\" data-element_type=\"widget\" data-widget_type=\"text-editor.default\">\n\t\t\t\t<div class=\"elementor-widget-container\">\n\t\t\t<style>\/*! elementor - v3.14.0 - 26-06-2023 *\/\n.elementor-widget-text-editor.elementor-drop-cap-view-stacked .elementor-drop-cap{background-color:#69727d;color:#fff}.elementor-widget-text-editor.elementor-drop-cap-view-framed .elementor-drop-cap{color:#69727d;border:3px solid;background-color:transparent}.elementor-widget-text-editor:not(.elementor-drop-cap-view-default) .elementor-drop-cap{margin-top:8px}.elementor-widget-text-editor:not(.elementor-drop-cap-view-default) .elementor-drop-cap-letter{width:1em;height:1em}.elementor-widget-text-editor .elementor-drop-cap{float:left;text-align:center;line-height:1;font-size:50px}.elementor-widget-text-editor .elementor-drop-cap-letter{display:inline-block}<\/style>\t\t\t\t<h2>1. USER INFORMATION<\/h2>\n<p><strong>Who is responsible for processing your personal data?<\/strong><\/p>\n<p><strong>ATP ENGINEERING AND PACKAGING SL<\/strong> is the CONTROLLER responsible for processing the USER\u2019s personal data and informs that such data will be processed in accordance with the provisions of Regulation (EU) 2016\/679 of 27 April (GDPR) and Organic Law 3\/2018 of 5 December (LOPDGDD).<\/p>\n<p><strong>Why do we process your personal data and for what purpose?<\/strong><\/p>\n<p>Depending on the form from which the personal data have been obtained, they will be processed confidentially for the following purposes:<\/p>\n<ul>\n<li>In the <strong>Contact <\/strong>form:\n<ul>\n<li>To respond to inquiries or any type of request made through the contact forms on the CONTROLLER\u2019s website. (based on the legitimate interest of the controller, Art. 6.1.f GDPR) <\/li>\n<li>To send commercial and advertising communications by e-mail, fax, SMS, MMS, social networks or any other electronic or physical means, present or future, related to the CONTROLLER\u2019s products and services or those of its partners\/suppliers with promotional agreements. Under no circumstances will third parties have access to personal data. (based on the data subject\u2019s consent, Art. 6.1.a GDPR)  <\/li>\n<li>To carry out statistical analyses and market studies. (based on the legitimate interest of the controller, Art. 6.1.f GDPR) <\/li>\n<\/ul>\n<\/li>\n<li>In the <strong>Curriculum <\/strong>form: To involve the data subject in recruitment processes and analyse the applicant\u2019s profile with the aim of selecting a candidate for the vacant position. (based on the data subject\u2019s consent, Art. 6.1.a GDPR) <\/li>\n<li>In the <strong>Newsletter <\/strong>form: To send informational bulletins, news, offers, and online promotions. (based on the data subject\u2019s consent, Art. 6.1.a GDPR) <\/li>\n<li>In the <strong>Ethical or Whistleblowing Channel<\/strong> form: To properly manage the ethical channel by handling reported irregularities, deciding whether to initiate an investigation, with the aim of detecting potential offences, preventing liabilities, and avoiding behaviour contrary to the entity\u2019s internal or external regulations. (for compliance with a legal obligation, Art. 6.1.c GDPR) <\/li>\n<li>In the <strong>User Registration<\/strong> form: To manage the user\u2019s account in order to provide personalised access to the website and interactive services. (based on the data subject\u2019s consent, Art. 6.1.a GDPR) <\/li>\n<\/ul>\n<p><strong>How long will we keep your personal data?<\/strong><\/p>\n<p>They will be kept for no longer than is necessary to maintain the purpose of the processing or as long as there are legal requirements determining their retention. When they are no longer needed, they will be deleted using appropriate security measures to ensure anonymisation or complete destruction. <\/p>\n<p><strong>Who do we share your personal data with?<\/strong><\/p>\n<p>No disclosure of personal data to third parties is envisaged, except when necessary for the development and execution of the processing purposes, to service providers related to communications, with whom the CONTROLLER has signed confidentiality and data processing agreements as required by current privacy regulations.<\/p>\n<p><strong>What are your rights?<br \/><\/strong><br \/>The rights granted to the USER are:<\/p>\n<ul>\n<li>Right to withdraw consent at any time.<\/li>\n<li>Right of access, rectification, portability, and erasure of your data, as well as the right to restrict or object to its processing.<\/li>\n<li>Right to lodge a complaint with the Supervisory Authority (www.aepd.es) if you consider that the processing does not comply with current regulations.<\/li>\n<\/ul>\n<p><strong>Contact details to exercise your rights:<\/strong><br \/>ATP ENGINEERING AND PACKAGING SL. Ctra. Barcelona 66, Parc del Mol\u00ed, 10-11 &#8211; 08210 Barber\u00e0 del Vall\u00e8s (Barcelona).<br \/>Email: <span style=\"text-decoration: underline;\"><span style=\"color: #003560;\"><a style=\"color: #003560; text-decoration: underline;\" href=\"mailto:rgpd@atp-packaging.com\">rgpd@atp-packaging.com<\/a><\/span><\/span><\/p>\n<h2>2. MANDATORY OR OPTIONAL NATURE OF THE INFORMATION PROVIDED BY THE USER<\/h2>\n<p>By ticking the corresponding boxes and entering data in the fields marked with an asterisk (*) in the contact or download forms, USERS expressly, freely, and unequivocally accept that their data are necessary to process their request. The inclusion of data in the remaining fields is voluntary. The USER guarantees that the personal data provided to the CONTROLLER are truthful and is responsible for communicating any modification thereof.  <\/p>\n<p>The CONTROLLER informs that all data requested through the website are mandatory, as they are necessary to provide an optimal service. If not all data are provided, it cannot be guaranteed that the information and services offered will fully meet the USER\u2019s needs. <\/p>\n<h2>3. SECURITY MEASURES<\/h2>\n<p>In accordance with current personal data protection regulations, the CONTROLLER complies with all provisions of the GDPR and the LOPDGDD regarding the processing of personal data under its responsibility, applying the principles described in Article 5 of the GDPR: processed lawfully, fairly, and transparently in relation to the data subject, and adequate, relevant, and limited to what is necessary in relation to the purposes for which they are processed.<\/p>\n<p>The CONTROLLER guarantees that it has implemented appropriate technical and organisational policies to apply the security measures established in the GDPR and the LOPDGDD, in order to protect the rights and freedoms of USERS and to provide them with the necessary information to exercise those rights.<\/p>\n<p>For more information about privacy guarantees, you can contact the CONTROLLER through ATP ENGINEERING AND PACKAGING SL. Ctra. Barcelona 66, Parc del Mol\u00ed, 10-11 &#8211; 08210 Barber\u00e0 del Vall\u00e8s (Barcelona). E-mail: rgpd@atp-packaging.com<\/p>\n\t\t\t\t\t\t<\/div>\n\t\t\t\t<\/div>\n\t\t\t\t\t<\/div>\n\t\t<\/div>\n\t\t\t\t\t\t\t<\/div>\n\t\t<\/section>\n\t\t\t\t\t\t\t<\/div>\n\t\t","protected":false},"excerpt":{"rendered":"<p>Privacy Policy 1. USER INFORMATION Who is responsible for processing your personal data? ATP ENGINEERING AND PACKAGING SL is the CONTROLLER responsible for processing the USER\u2019s personal data and informs that such data will be processed in accordance with the provisions of Regulation (EU) 2016\/679 of 27 April (GDPR) and Organic Law 3\/2018 of 5 [&hellip;]<\/p>\n","protected":false},"author":1,"featured_media":0,"parent":0,"menu_order":0,"comment_status":"closed","ping_status":"closed","template":"","meta":{"footnotes":""},"class_list":["post-2805","page","type-page","status-publish","hentry"],"yoast_head":"<!-- This site is optimized with the Yoast SEO plugin v20.10 - https:\/\/yoast.com\/wordpress\/plugins\/seo\/ -->\n<title>Privacy Policy - ATP<\/title>\n<meta name=\"robots\" content=\"index, follow, max-snippet:-1, max-image-preview:large, max-video-preview:-1\" \/>\n<link rel=\"canonical\" href=\"https:\/\/atp-packaging.com\/en\/privacy-policy\" \/>\n<meta property=\"og:locale\" content=\"en_US\" \/>\n<meta property=\"og:type\" content=\"article\" \/>\n<meta property=\"og:title\" content=\"Privacy Policy - ATP\" \/>\n<meta property=\"og:description\" content=\"Privacy Policy 1. USER INFORMATION Who is responsible for processing your personal data? ATP ENGINEERING AND PACKAGING SL is the CONTROLLER responsible for processing the USER\u2019s personal data and informs that such data will be processed in accordance with the provisions of Regulation (EU) 2016\/679 of 27 April (GDPR) and Organic Law 3\/2018 of 5 [&hellip;]\" \/>\n<meta property=\"og:url\" content=\"https:\/\/atp-packaging.com\/en\/privacy-policy\" \/>\n<meta property=\"og:site_name\" content=\"ATP\" \/>\n<meta property=\"article:modified_time\" content=\"2025-10-09T09:01:41+00:00\" \/>\n<meta name=\"twitter:card\" content=\"summary_large_image\" \/>\n<meta name=\"twitter:label1\" content=\"Est. reading time\" \/>\n\t<meta name=\"twitter:data1\" content=\"4 minutes\" \/>\n<script type=\"application\/ld+json\" class=\"yoast-schema-graph\">{\"@context\":\"https:\/\/schema.org\",\"@graph\":[{\"@type\":\"WebPage\",\"@id\":\"https:\/\/atp-packaging.com\/en\/privacy-policy\",\"url\":\"https:\/\/atp-packaging.com\/en\/privacy-policy\",\"name\":\"Privacy Policy - ATP\",\"isPartOf\":{\"@id\":\"https:\/\/atp-packaging.com\/en\/#website\"},\"datePublished\":\"2022-11-09T14:41:38+00:00\",\"dateModified\":\"2025-10-09T09:01:41+00:00\",\"breadcrumb\":{\"@id\":\"https:\/\/atp-packaging.com\/en\/privacy-policy#breadcrumb\"},\"inLanguage\":\"en-US\",\"potentialAction\":[{\"@type\":\"ReadAction\",\"target\":[\"https:\/\/atp-packaging.com\/en\/privacy-policy\"]}]},{\"@type\":\"BreadcrumbList\",\"@id\":\"https:\/\/atp-packaging.com\/en\/privacy-policy#breadcrumb\",\"itemListElement\":[{\"@type\":\"ListItem\",\"position\":1,\"name\":\"Portada\",\"item\":\"https:\/\/atp-packaging.com\/en\"},{\"@type\":\"ListItem\",\"position\":2,\"name\":\"Privacy Policy\"}]},{\"@type\":\"WebSite\",\"@id\":\"https:\/\/atp-packaging.com\/en\/#website\",\"url\":\"https:\/\/atp-packaging.com\/en\/\",\"name\":\"ATP\",\"description\":\"ENGINEERING &amp; PACKAGING\",\"publisher\":{\"@id\":\"https:\/\/atp-packaging.com\/en\/#organization\"},\"potentialAction\":[{\"@type\":\"SearchAction\",\"target\":{\"@type\":\"EntryPoint\",\"urlTemplate\":\"https:\/\/atp-packaging.com\/en\/?s={search_term_string}\"},\"query-input\":\"required name=search_term_string\"}],\"inLanguage\":\"en-US\"},{\"@type\":\"Organization\",\"@id\":\"https:\/\/atp-packaging.com\/en\/#organization\",\"name\":\"ATP\",\"url\":\"https:\/\/atp-packaging.com\/en\/\",\"logo\":{\"@type\":\"ImageObject\",\"inLanguage\":\"en-US\",\"@id\":\"https:\/\/atp-packaging.com\/en\/#\/schema\/logo\/image\/\",\"url\":\"https:\/\/atp-packaging.com\/wp-content\/uploads\/2022\/09\/logo.svg\",\"contentUrl\":\"https:\/\/atp-packaging.com\/wp-content\/uploads\/2022\/09\/logo.svg\",\"caption\":\"ATP\"},\"image\":{\"@id\":\"https:\/\/atp-packaging.com\/en\/#\/schema\/logo\/image\/\"}}]}<\/script>\n<!-- \/ Yoast SEO plugin. -->","yoast_head_json":{"title":"Privacy Policy - ATP","robots":{"index":"index","follow":"follow","max-snippet":"max-snippet:-1","max-image-preview":"max-image-preview:large","max-video-preview":"max-video-preview:-1"},"canonical":"https:\/\/atp-packaging.com\/en\/privacy-policy","og_locale":"en_US","og_type":"article","og_title":"Privacy Policy - ATP","og_description":"Privacy Policy 1. USER INFORMATION Who is responsible for processing your personal data? ATP ENGINEERING AND PACKAGING SL is the CONTROLLER responsible for processing the USER\u2019s personal data and informs that such data will be processed in accordance with the provisions of Regulation (EU) 2016\/679 of 27 April (GDPR) and Organic Law 3\/2018 of 5 [&hellip;]","og_url":"https:\/\/atp-packaging.com\/en\/privacy-policy","og_site_name":"ATP","article_modified_time":"2025-10-09T09:01:41+00:00","twitter_card":"summary_large_image","twitter_misc":{"Est. reading time":"4 minutes"},"schema":{"@context":"https:\/\/schema.org","@graph":[{"@type":"WebPage","@id":"https:\/\/atp-packaging.com\/en\/privacy-policy","url":"https:\/\/atp-packaging.com\/en\/privacy-policy","name":"Privacy Policy - ATP","isPartOf":{"@id":"https:\/\/atp-packaging.com\/en\/#website"},"datePublished":"2022-11-09T14:41:38+00:00","dateModified":"2025-10-09T09:01:41+00:00","breadcrumb":{"@id":"https:\/\/atp-packaging.com\/en\/privacy-policy#breadcrumb"},"inLanguage":"en-US","potentialAction":[{"@type":"ReadAction","target":["https:\/\/atp-packaging.com\/en\/privacy-policy"]}]},{"@type":"BreadcrumbList","@id":"https:\/\/atp-packaging.com\/en\/privacy-policy#breadcrumb","itemListElement":[{"@type":"ListItem","position":1,"name":"Portada","item":"https:\/\/atp-packaging.com\/en"},{"@type":"ListItem","position":2,"name":"Privacy Policy"}]},{"@type":"WebSite","@id":"https:\/\/atp-packaging.com\/en\/#website","url":"https:\/\/atp-packaging.com\/en\/","name":"ATP","description":"ENGINEERING &amp; PACKAGING","publisher":{"@id":"https:\/\/atp-packaging.com\/en\/#organization"},"potentialAction":[{"@type":"SearchAction","target":{"@type":"EntryPoint","urlTemplate":"https:\/\/atp-packaging.com\/en\/?s={search_term_string}"},"query-input":"required name=search_term_string"}],"inLanguage":"en-US"},{"@type":"Organization","@id":"https:\/\/atp-packaging.com\/en\/#organization","name":"ATP","url":"https:\/\/atp-packaging.com\/en\/","logo":{"@type":"ImageObject","inLanguage":"en-US","@id":"https:\/\/atp-packaging.com\/en\/#\/schema\/logo\/image\/","url":"https:\/\/atp-packaging.com\/wp-content\/uploads\/2022\/09\/logo.svg","contentUrl":"https:\/\/atp-packaging.com\/wp-content\/uploads\/2022\/09\/logo.svg","caption":"ATP"},"image":{"@id":"https:\/\/atp-packaging.com\/en\/#\/schema\/logo\/image\/"}}]}},"_links":{"self":[{"href":"https:\/\/atp-packaging.com\/en\/wp-json\/wp\/v2\/pages\/2805","targetHints":{"allow":["GET"]}}],"collection":[{"href":"https:\/\/atp-packaging.com\/en\/wp-json\/wp\/v2\/pages"}],"about":[{"href":"https:\/\/atp-packaging.com\/en\/wp-json\/wp\/v2\/types\/page"}],"author":[{"embeddable":true,"href":"https:\/\/atp-packaging.com\/en\/wp-json\/wp\/v2\/users\/1"}],"replies":[{"embeddable":true,"href":"https:\/\/atp-packaging.com\/en\/wp-json\/wp\/v2\/comments?post=2805"}],"version-history":[{"count":12,"href":"https:\/\/atp-packaging.com\/en\/wp-json\/wp\/v2\/pages\/2805\/revisions"}],"predecessor-version":[{"id":12047,"href":"https:\/\/atp-packaging.com\/en\/wp-json\/wp\/v2\/pages\/2805\/revisions\/12047"}],"wp:attachment":[{"href":"https:\/\/atp-packaging.com\/en\/wp-json\/wp\/v2\/media?parent=2805"}],"curies":[{"name":"wp","href":"https:\/\/api.w.org\/{rel}","templated":true}]}}