{"id":11220,"date":"2023-11-30T14:01:27","date_gmt":"2023-11-30T14:01:27","guid":{"rendered":"https:\/\/atp-packaging.com\/whistleblowing"},"modified":"2025-07-24T10:19:34","modified_gmt":"2025-07-24T10:19:34","slug":"whistleblowing","status":"publish","type":"page","link":"https:\/\/atp-packaging.com\/ca\/whistleblowing","title":{"rendered":"Whistleblowing"},"content":{"rendered":"\t\t<div data-elementor-type=\"wp-page\" data-elementor-id=\"11220\" class=\"elementor elementor-11220 elementor-5165\" data-elementor-post-type=\"page\">\n\t\t\t\t\t\t\t\t\t<section class=\"elementor-section elementor-top-section elementor-element elementor-element-5bf96b0 elementor-section-boxed elementor-section-height-default elementor-section-height-default\" data-id=\"5bf96b0\" data-element_type=\"section\" data-settings=\"{&quot;jet_parallax_layout_list&quot;:[]}\">\n\t\t\t\t\t\t<div class=\"elementor-container elementor-column-gap-default\">\n\t\t\t\t\t<div class=\"elementor-column elementor-col-100 elementor-top-column elementor-element elementor-element-48e9769\" data-id=\"48e9769\" data-element_type=\"column\">\n\t\t\t<div class=\"elementor-widget-wrap elementor-element-populated\">\n\t\t\t\t\t\t\t\t<div class=\"elementor-element elementor-element-e7e9dbe elementor-widget elementor-widget-heading\" data-id=\"e7e9dbe\" data-element_type=\"widget\" data-widget_type=\"heading.default\">\n\t\t\t\t<div class=\"elementor-widget-container\">\n\t\t\t<style>\/*! elementor - v3.14.0 - 26-06-2023 *\/\n.elementor-heading-title{padding:0;margin:0;line-height:1}.elementor-widget-heading .elementor-heading-title[class*=elementor-size-]>a{color:inherit;font-size:inherit;line-height:inherit}.elementor-widget-heading .elementor-heading-title.elementor-size-small{font-size:15px}.elementor-widget-heading .elementor-heading-title.elementor-size-medium{font-size:19px}.elementor-widget-heading .elementor-heading-title.elementor-size-large{font-size:29px}.elementor-widget-heading .elementor-heading-title.elementor-size-xl{font-size:39px}.elementor-widget-heading .elementor-heading-title.elementor-size-xxl{font-size:59px}<\/style><h1 class=\"elementor-heading-title elementor-size-default\">Whistleblowing<\/h1>\t\t<\/div>\n\t\t\t\t<\/div>\n\t\t\t\t<div class=\"elementor-element elementor-element-b24f763 elementor-widget elementor-widget-text-editor\" data-id=\"b24f763\" data-element_type=\"widget\" data-widget_type=\"text-editor.default\">\n\t\t\t\t<div class=\"elementor-widget-container\">\n\t\t\t<style>\/*! elementor - v3.14.0 - 26-06-2023 *\/\n.elementor-widget-text-editor.elementor-drop-cap-view-stacked .elementor-drop-cap{background-color:#69727d;color:#fff}.elementor-widget-text-editor.elementor-drop-cap-view-framed .elementor-drop-cap{color:#69727d;border:3px solid;background-color:transparent}.elementor-widget-text-editor:not(.elementor-drop-cap-view-default) .elementor-drop-cap{margin-top:8px}.elementor-widget-text-editor:not(.elementor-drop-cap-view-default) .elementor-drop-cap-letter{width:1em;height:1em}.elementor-widget-text-editor .elementor-drop-cap{float:left;text-align:center;line-height:1;font-size:50px}.elementor-widget-text-editor .elementor-drop-cap-letter{display:inline-block}<\/style>\t\t\t\t<h2>Canal de den\u00fancia<\/h2>\n<p>A ATP Engineering &amp; Packaging, S.L. estem compromesos amb la transpar\u00e8ncia i el comportament \u00e8tic, per la qual cosa posem a disposici\u00f3 de tots els membres del personal de l&#8217;empresa el Canal de den\u00fancies on es garanteix durant tot el proc\u00e9s la confidencialitat de la informaci\u00f3 i la de la persona denunciant que en tot moment queda sota l&#8217;anonimat.<\/p>\n<p>En compliment de la Directiva (UE) 2019\/1937, el Canal de Den\u00fancia \u00e9s una eina d&#8217;acc\u00e9s p\u00fablic per denunciar qualsevol irregularitat feta per qualsevol persona vinculada a la nostra organitzaci\u00f3.<\/p>\n<p>En cas que t&#8217;hagis sentit v\u00edctima pots interposar una den\u00fancia a trav\u00e9s del seg\u00fcent QR:&nbsp;<\/p>\n<p><img loading=\"lazy\" decoding=\"async\" src=\"https:\/\/atp-packaging.com\/wp-content\/uploads\/2023\/11\/QR_ATP-300x284.png\" alt=\"\" width=\"300\" height=\"284\" class=\"alignnone size-medium wp-image-5173\" srcset=\"https:\/\/atp-packaging.com\/wp-content\/uploads\/2023\/11\/QR_ATP-300x284.png 300w, https:\/\/atp-packaging.com\/wp-content\/uploads\/2023\/11\/QR_ATP.png 396w\" sizes=\"auto, (max-width: 300px) 100vw, 300px\" \/><\/p>\t\t\t\t\t\t<\/div>\n\t\t\t\t<\/div>\n\t\t\t\t\t<\/div>\n\t\t<\/div>\n\t\t\t\t\t\t\t<\/div>\n\t\t<\/section>\n\t\t\t\t\t\t\t<\/div>\n\t\t","protected":false},"excerpt":{"rendered":"<p>Whistleblowing Canal de den\u00fancia A ATP Engineering &amp; Packaging, S.L. estem compromesos amb la transpar\u00e8ncia i el comportament \u00e8tic, per la qual cosa posem a disposici\u00f3 de tots els membres del personal de l&#8217;empresa el Canal de den\u00fancies on es garanteix durant tot el proc\u00e9s la confidencialitat de la informaci\u00f3 i la de la persona [&hellip;]<\/p>\n","protected":false},"author":3,"featured_media":0,"parent":0,"menu_order":0,"comment_status":"closed","ping_status":"closed","template":"","meta":{"footnotes":""},"class_list":["post-11220","page","type-page","status-publish","hentry"],"yoast_head":"<!-- This site is optimized with the Yoast SEO plugin v20.10 - https:\/\/yoast.com\/wordpress\/plugins\/seo\/ -->\n<title>Whistleblowing - ATP<\/title>\n<meta name=\"robots\" content=\"index, follow, max-snippet:-1, max-image-preview:large, max-video-preview:-1\" \/>\n<link rel=\"canonical\" href=\"https:\/\/atp-packaging.com\/ca\/whistleblowing\" \/>\n<meta property=\"og:locale\" content=\"ca_ES\" \/>\n<meta property=\"og:type\" content=\"article\" \/>\n<meta property=\"og:title\" content=\"Whistleblowing - ATP\" \/>\n<meta property=\"og:description\" content=\"Whistleblowing Canal de den\u00fancia A ATP Engineering &amp; Packaging, S.L. estem compromesos amb la transpar\u00e8ncia i el comportament \u00e8tic, per la qual cosa posem a disposici\u00f3 de tots els membres del personal de l&#8217;empresa el Canal de den\u00fancies on es garanteix durant tot el proc\u00e9s la confidencialitat de la informaci\u00f3 i la de la persona [&hellip;]\" \/>\n<meta property=\"og:url\" content=\"https:\/\/atp-packaging.com\/ca\/whistleblowing\" \/>\n<meta property=\"og:site_name\" content=\"ATP\" \/>\n<meta property=\"article:modified_time\" content=\"2025-07-24T10:19:34+00:00\" \/>\n<meta property=\"og:image\" content=\"https:\/\/atp-packaging.com\/wp-content\/uploads\/2023\/11\/QR_ATP-300x284.png\" \/>\n<meta name=\"twitter:card\" content=\"summary_large_image\" \/>\n<meta name=\"twitter:label1\" content=\"Temps estimat de lectura\" \/>\n\t<meta name=\"twitter:data1\" content=\"1 minut\" \/>\n<script type=\"application\/ld+json\" class=\"yoast-schema-graph\">{\"@context\":\"https:\/\/schema.org\",\"@graph\":[{\"@type\":\"WebPage\",\"@id\":\"https:\/\/atp-packaging.com\/ca\/whistleblowing\",\"url\":\"https:\/\/atp-packaging.com\/ca\/whistleblowing\",\"name\":\"Whistleblowing - ATP\",\"isPartOf\":{\"@id\":\"https:\/\/atp-packaging.com\/en\/#website\"},\"datePublished\":\"2023-11-30T14:01:27+00:00\",\"dateModified\":\"2025-07-24T10:19:34+00:00\",\"breadcrumb\":{\"@id\":\"https:\/\/atp-packaging.com\/ca\/whistleblowing#breadcrumb\"},\"inLanguage\":\"ca\",\"potentialAction\":[{\"@type\":\"ReadAction\",\"target\":[\"https:\/\/atp-packaging.com\/ca\/whistleblowing\"]}]},{\"@type\":\"BreadcrumbList\",\"@id\":\"https:\/\/atp-packaging.com\/ca\/whistleblowing#breadcrumb\",\"itemListElement\":[{\"@type\":\"ListItem\",\"position\":1,\"name\":\"Portada\",\"item\":\"https:\/\/atp-packaging.com\/ca\"},{\"@type\":\"ListItem\",\"position\":2,\"name\":\"Whistleblowing\"}]},{\"@type\":\"WebSite\",\"@id\":\"https:\/\/atp-packaging.com\/en\/#website\",\"url\":\"https:\/\/atp-packaging.com\/en\/\",\"name\":\"ATP\",\"description\":\"ENGINEERING &amp; PACKAGING\",\"publisher\":{\"@id\":\"https:\/\/atp-packaging.com\/en\/#organization\"},\"potentialAction\":[{\"@type\":\"SearchAction\",\"target\":{\"@type\":\"EntryPoint\",\"urlTemplate\":\"https:\/\/atp-packaging.com\/en\/?s={search_term_string}\"},\"query-input\":\"required name=search_term_string\"}],\"inLanguage\":\"ca\"},{\"@type\":\"Organization\",\"@id\":\"https:\/\/atp-packaging.com\/en\/#organization\",\"name\":\"ATP\",\"url\":\"https:\/\/atp-packaging.com\/en\/\",\"logo\":{\"@type\":\"ImageObject\",\"inLanguage\":\"ca\",\"@id\":\"https:\/\/atp-packaging.com\/en\/#\/schema\/logo\/image\/\",\"url\":\"https:\/\/atp-packaging.com\/wp-content\/uploads\/2022\/09\/logo.svg\",\"contentUrl\":\"https:\/\/atp-packaging.com\/wp-content\/uploads\/2022\/09\/logo.svg\",\"caption\":\"ATP\"},\"image\":{\"@id\":\"https:\/\/atp-packaging.com\/en\/#\/schema\/logo\/image\/\"}}]}<\/script>\n<!-- \/ Yoast SEO plugin. -->","yoast_head_json":{"title":"Whistleblowing - ATP","robots":{"index":"index","follow":"follow","max-snippet":"max-snippet:-1","max-image-preview":"max-image-preview:large","max-video-preview":"max-video-preview:-1"},"canonical":"https:\/\/atp-packaging.com\/ca\/whistleblowing","og_locale":"ca_ES","og_type":"article","og_title":"Whistleblowing - ATP","og_description":"Whistleblowing Canal de den\u00fancia A ATP Engineering &amp; Packaging, S.L. estem compromesos amb la transpar\u00e8ncia i el comportament \u00e8tic, per la qual cosa posem a disposici\u00f3 de tots els membres del personal de l&#8217;empresa el Canal de den\u00fancies on es garanteix durant tot el proc\u00e9s la confidencialitat de la informaci\u00f3 i la de la persona [&hellip;]","og_url":"https:\/\/atp-packaging.com\/ca\/whistleblowing","og_site_name":"ATP","article_modified_time":"2025-07-24T10:19:34+00:00","og_image":[{"url":"https:\/\/atp-packaging.com\/wp-content\/uploads\/2023\/11\/QR_ATP-300x284.png"}],"twitter_card":"summary_large_image","twitter_misc":{"Temps estimat de lectura":"1 minut"},"schema":{"@context":"https:\/\/schema.org","@graph":[{"@type":"WebPage","@id":"https:\/\/atp-packaging.com\/ca\/whistleblowing","url":"https:\/\/atp-packaging.com\/ca\/whistleblowing","name":"Whistleblowing - ATP","isPartOf":{"@id":"https:\/\/atp-packaging.com\/en\/#website"},"datePublished":"2023-11-30T14:01:27+00:00","dateModified":"2025-07-24T10:19:34+00:00","breadcrumb":{"@id":"https:\/\/atp-packaging.com\/ca\/whistleblowing#breadcrumb"},"inLanguage":"ca","potentialAction":[{"@type":"ReadAction","target":["https:\/\/atp-packaging.com\/ca\/whistleblowing"]}]},{"@type":"BreadcrumbList","@id":"https:\/\/atp-packaging.com\/ca\/whistleblowing#breadcrumb","itemListElement":[{"@type":"ListItem","position":1,"name":"Portada","item":"https:\/\/atp-packaging.com\/ca"},{"@type":"ListItem","position":2,"name":"Whistleblowing"}]},{"@type":"WebSite","@id":"https:\/\/atp-packaging.com\/en\/#website","url":"https:\/\/atp-packaging.com\/en\/","name":"ATP","description":"ENGINEERING &amp; PACKAGING","publisher":{"@id":"https:\/\/atp-packaging.com\/en\/#organization"},"potentialAction":[{"@type":"SearchAction","target":{"@type":"EntryPoint","urlTemplate":"https:\/\/atp-packaging.com\/en\/?s={search_term_string}"},"query-input":"required name=search_term_string"}],"inLanguage":"ca"},{"@type":"Organization","@id":"https:\/\/atp-packaging.com\/en\/#organization","name":"ATP","url":"https:\/\/atp-packaging.com\/en\/","logo":{"@type":"ImageObject","inLanguage":"ca","@id":"https:\/\/atp-packaging.com\/en\/#\/schema\/logo\/image\/","url":"https:\/\/atp-packaging.com\/wp-content\/uploads\/2022\/09\/logo.svg","contentUrl":"https:\/\/atp-packaging.com\/wp-content\/uploads\/2022\/09\/logo.svg","caption":"ATP"},"image":{"@id":"https:\/\/atp-packaging.com\/en\/#\/schema\/logo\/image\/"}}]}},"_links":{"self":[{"href":"https:\/\/atp-packaging.com\/ca\/wp-json\/wp\/v2\/pages\/11220","targetHints":{"allow":["GET"]}}],"collection":[{"href":"https:\/\/atp-packaging.com\/ca\/wp-json\/wp\/v2\/pages"}],"about":[{"href":"https:\/\/atp-packaging.com\/ca\/wp-json\/wp\/v2\/types\/page"}],"author":[{"embeddable":true,"href":"https:\/\/atp-packaging.com\/ca\/wp-json\/wp\/v2\/users\/3"}],"replies":[{"embeddable":true,"href":"https:\/\/atp-packaging.com\/ca\/wp-json\/wp\/v2\/comments?post=11220"}],"version-history":[{"count":1,"href":"https:\/\/atp-packaging.com\/ca\/wp-json\/wp\/v2\/pages\/11220\/revisions"}],"predecessor-version":[{"id":11221,"href":"https:\/\/atp-packaging.com\/ca\/wp-json\/wp\/v2\/pages\/11220\/revisions\/11221"}],"wp:attachment":[{"href":"https:\/\/atp-packaging.com\/ca\/wp-json\/wp\/v2\/media?parent=11220"}],"curies":[{"name":"wp","href":"https:\/\/api.w.org\/{rel}","templated":true}]}}