{"id":11216,"date":"2022-11-09T14:41:38","date_gmt":"2022-11-09T14:41:38","guid":{"rendered":"https:\/\/atp-packaging.com\/politica-de-privacitat"},"modified":"2025-10-09T07:51:33","modified_gmt":"2025-10-09T07:51:33","slug":"politica-de-privacitat","status":"publish","type":"page","link":"https:\/\/atp-packaging.com\/ca\/politica-de-privacitat","title":{"rendered":"Pol\u00edtica de privacitat"},"content":{"rendered":"\t\t<div data-elementor-type=\"wp-page\" data-elementor-id=\"11216\" class=\"elementor elementor-11216 elementor-1849\" data-elementor-post-type=\"page\">\n\t\t\t\t\t\t\t\t\t<section class=\"elementor-section elementor-top-section elementor-element elementor-element-000d2de elementor-section-boxed elementor-section-height-default elementor-section-height-default\" data-id=\"000d2de\" data-element_type=\"section\" data-settings=\"{&quot;jet_parallax_layout_list&quot;:[]}\">\n\t\t\t\t\t\t<div class=\"elementor-container elementor-column-gap-default\">\n\t\t\t\t\t<div class=\"elementor-column elementor-col-100 elementor-top-column elementor-element elementor-element-dd1a02c\" data-id=\"dd1a02c\" data-element_type=\"column\">\n\t\t\t<div class=\"elementor-widget-wrap elementor-element-populated\">\n\t\t\t\t\t\t\t\t<div class=\"elementor-element elementor-element-bf4c07f elementor-widget elementor-widget-heading\" data-id=\"bf4c07f\" data-element_type=\"widget\" data-widget_type=\"heading.default\">\n\t\t\t\t<div class=\"elementor-widget-container\">\n\t\t\t<style>\/*! elementor - v3.14.0 - 26-06-2023 *\/\n.elementor-heading-title{padding:0;margin:0;line-height:1}.elementor-widget-heading .elementor-heading-title[class*=elementor-size-]>a{color:inherit;font-size:inherit;line-height:inherit}.elementor-widget-heading .elementor-heading-title.elementor-size-small{font-size:15px}.elementor-widget-heading .elementor-heading-title.elementor-size-medium{font-size:19px}.elementor-widget-heading .elementor-heading-title.elementor-size-large{font-size:29px}.elementor-widget-heading .elementor-heading-title.elementor-size-xl{font-size:39px}.elementor-widget-heading .elementor-heading-title.elementor-size-xxl{font-size:59px}<\/style><h1 class=\"elementor-heading-title elementor-size-default\">Pol\u00edtica de privacitat<\/h1>\t\t<\/div>\n\t\t\t\t<\/div>\n\t\t\t\t<div class=\"elementor-element elementor-element-fac3d82 elementor-widget elementor-widget-text-editor\" data-id=\"fac3d82\" data-element_type=\"widget\" data-widget_type=\"text-editor.default\">\n\t\t\t\t<div class=\"elementor-widget-container\">\n\t\t\t<style>\/*! elementor - v3.14.0 - 26-06-2023 *\/\n.elementor-widget-text-editor.elementor-drop-cap-view-stacked .elementor-drop-cap{background-color:#69727d;color:#fff}.elementor-widget-text-editor.elementor-drop-cap-view-framed .elementor-drop-cap{color:#69727d;border:3px solid;background-color:transparent}.elementor-widget-text-editor:not(.elementor-drop-cap-view-default) .elementor-drop-cap{margin-top:8px}.elementor-widget-text-editor:not(.elementor-drop-cap-view-default) .elementor-drop-cap-letter{width:1em;height:1em}.elementor-widget-text-editor .elementor-drop-cap{float:left;text-align:center;line-height:1;font-size:50px}.elementor-widget-text-editor .elementor-drop-cap-letter{display:inline-block}<\/style>\t\t\t\t<h2>1. INFORMACI\u00d3 A L&#8217;USUARI<\/h2>\n<p><strong>Qui \u00e9s el responsable del tractament de les teves dades personals?<\/strong><\/p>\n<p><strong>ATP ENGINEERING AND PACKAGING SL<\/strong> \u00e9s el RESPONSABLE del tractament de les dades personals de l\u2019USUARI i l\u2019informa que aquestes dades seran tractades d\u2019acord amb el que disposa el Reglament (UE) 2016\/679, de 27 d\u2019abril (RGPD), i la Llei Org\u00e0nica 3\/2018, de 5 de desembre (LOPDGDD).<\/p>\n<p><strong>Per a qu\u00e8 tractem les teves dades personals i per qu\u00e8 ho fem?<\/strong><\/p>\n<p>Segons el formulari on s\u2019hagin obtingut les dades personals, aquestes es tractaran de manera confidencial per assolir les finalitats seg\u00fcents:<\/p>\n<ul>\n<li>Al formulari de <strong>Contacte<\/strong>:\n<ul>\n<li>Donar resposta a consultes o qualsevol tipus de petici\u00f3 realitzada a trav\u00e9s dels formularis de contacte de la p\u00e0gina web del RESPONSABLE. (per inter\u00e8s leg\u00edtim del responsable, art. 6.1.f RGPD) <\/li>\n<li>Enviar comunicacions comercials publicit\u00e0ries per correu electr\u00f2nic, fax, SMS, MMS, xarxes socials o qualsevol altre mitj\u00e0 electr\u00f2nic o f\u00edsic, present o futur, relacionades amb els productes i serveis del RESPONSABLE o dels seus col\u00b7laboradors\/prove\u00efdors amb acords de promoci\u00f3. En cap cas els tercers tindran acc\u00e9s a les dades personals. (per consentiment de l\u2019interessat, art. 6.1.a RGPD)  <\/li>\n<li>Realitzar an\u00e0lisis estad\u00edstiques i estudis de mercat. (per inter\u00e8s leg\u00edtim del responsable, art. 6.1.f RGPD) <\/li>\n<\/ul>\n<\/li>\n<li>Al formulari de <strong>Curr\u00edculum<\/strong>: Fer part\u00edcip l\u2019interessat en els processos de selecci\u00f3 de personal i analitzar el perfil del sol\u00b7licitant amb l\u2019objectiu de seleccionar un candidat per al lloc vacant. (per consentiment de l\u2019interessat, art. 6.1.a RGPD) <\/li>\n<li>Al formulari de <strong>Newsletter<\/strong>: Enviar butlletins informatius, novetats, ofertes i promocions en l\u00ednia. (per consentiment de l\u2019interessat, art. 6.1.a RGPD) <\/li>\n<li>Al formulari de <strong>Canal \u00e8tic o de den\u00fancies:<\/strong> Gestionar adequadament el canal \u00e8tic, tramitant les corresponents irregularitats notificades, decidint sobre la proced\u00e8ncia d\u2019iniciar una investigaci\u00f3, amb la finalitat de detectar possibles delictes, prevenir responsabilitats i evitar conductes contr\u00e0ries a la normativa interna o externa de l\u2019entitat. (per compliment d\u2019una obligaci\u00f3 legal, art. 6.1.c RGPD) <\/li>\n<li>Al formulari de <strong>Registre d\u2019usuari:<\/strong> Gestionar el compte de l\u2019usuari per proporcionar-li un acc\u00e9s personalitzat a la web i als serveis interactius. (per consentiment de l\u2019interessat, art. 6.1.a RGPD) <\/li>\n<\/ul>\n<p><strong>Durant quant temps conservarem les teves dades personals?<\/strong><\/p>\n<p>Es conservaran durant no m\u00e9s temps del necessari per mantenir la finalitat del tractament o mentre existeixin prescripcions legals que en dictaminin la cust\u00f2dia. Quan ja no siguin necess\u00e0ries, se suprimiran amb les mesures de seguretat adequades per garantir-ne l\u2019anonimitzaci\u00f3 o la destrucci\u00f3 total. <\/p>\n<p><strong>A qui facilitem les teves dades personals?<\/strong><\/p>\n<p>No est\u00e0 prevista cap comunicaci\u00f3 de dades personals a tercers, llevat que sigui necess\u00e0ria per al desenvolupament i l\u2019execuci\u00f3 de les finalitats del tractament, a prove\u00efdors de serveis relacionats amb comunicacions, amb els quals el RESPONSABLE tingui subscrits els contractes de confidencialitat i d\u2019encarregat de tractament exigits per la normativa vigent de privacitat.<\/p>\n<p><strong>Quins s\u00f3n els teus drets?<br \/><\/strong><br \/>Els drets que assisteixen l\u2019USUARI s\u00f3n:<\/p>\n<ul>\n<li>Dret de retirar el consentiment en qualsevol moment.<\/li>\n<li>Dret d&#8217;acc\u00e9s, rectificaci\u00f3, portabilitat i supressi\u00f3 de les vostres dades, i de limitaci\u00f3 o oposici\u00f3 al tractament.<\/li>\n<li>Dret a presentar una reclamaci\u00f3 davant l\u2019Autoritat de Control (www.aepd.es) si considera que el tractament no s\u2019ajusta a la normativa vigent.<\/li>\n<\/ul>\n<p><strong>Dades de contacte per exercir els seus drets:<\/strong><br \/>ATP ENGINEERING AND PACKAGING SL. Ctra. Barcelona 66, Parc del Mol\u00ed, 10-11 &#8211; 08210 Barber\u00e0 del Vall\u00e8s (Barcelona).<br \/>Correu electr\u00f2nic:<br \/><span style=\"text-decoration: underline;\"><span style=\"color: #003560;\"><a style=\"color: #003560; text-decoration: underline;\" href=\"mailto:rgpd@atp-packaging.com\">rgpd@atp-packaging.com<\/a><\/span><\/span>  <\/p>\n<h2>CAR\u00c1CTER OBLIGATORIO O FACULTATIVO DE LA INFORMACI\u00d3N FACILITADA POR EL USUARIO<\/h2>\n<p>Els USUARIS, mitjan\u00e7ant la marcaci\u00f3 de les caselles corresponents i la introducci\u00f3 de dades als camps marcats amb un asterisc (*) en els formularis de contacte o desc\u00e0rrega, accepten expressament, de manera lliure i inequ\u00edvoca, que les seves dades s\u00f3n necess\u00e0ries per atendre la seva petici\u00f3. La inclusi\u00f3 de dades als camps restants \u00e9s volunt\u00e0ria. L\u2019USUARI garanteix que les dades personals facilitades al RESPONSABLE s\u00f3n veraces i es fa responsable de comunicar-ne qualsevol modificaci\u00f3.  <\/p>\n<p>El RESPONSABLE informa que totes les dades sol\u00b7licitades a trav\u00e9s del lloc web s\u00f3n obligat\u00f2ries, ja que s\u00f3n necess\u00e0ries per a la prestaci\u00f3 d\u2019un servei \u00f2ptim. En cas de no facilitar totes les dades, no es garanteix que la informaci\u00f3 i els serveis oferts s\u2019ajustin completament a les necessitats de l\u2019USUARI. <\/p>\n<h2>3. MESURES DE SEGURETAT<\/h2>\n<p>De conformitat amb el que disposen les normatives vigents en mat\u00e8ria de protecci\u00f3 de dades personals, el RESPONSABLE compleix amb totes les disposicions del RGPD i la LOPDGDD per al tractament de les dades personals sota la seva responsabilitat, aplicant els principis descrits a l\u2019article 5 del RGPD: tractades de manera l\u00edcita, lleial i transparent en relaci\u00f3 amb l\u2019interessat, i adequades, pertinents i limitades al necessari en relaci\u00f3 amb les finalitats per a les quals s\u00f3n tractades.<\/p>\n<p>El RESPONSABLE garanteix que ha implementat pol\u00edtiques t\u00e8cniques i organitzatives adequades per aplicar les mesures de seguretat establertes al RGPD i a la LOPDGDD, amb la finalitat de protegir els drets i les llibertats dels USUARIS i facilitar-los la informaci\u00f3 necess\u00e0ria perqu\u00e8 puguin exercir-los.<\/p>\n<p>Per a m\u00e9s informaci\u00f3 sobre les garanties de privacitat, pots adre\u00e7ar-te al RESPONSABLE a trav\u00e9s de ATP ENGINEERING AND PACKAGING SL. Ctra. Barcelona 66, Parc del Mol\u00ed, 10-11 &#8211; 08210 Barber\u00e0 del Vall\u00e8s (Barcelona). Correu electr\u00f2nic: rgpd@atp-packaging.com   <\/p>\n\t\t\t\t\t\t<\/div>\n\t\t\t\t<\/div>\n\t\t\t\t\t<\/div>\n\t\t<\/div>\n\t\t\t\t\t\t\t<\/div>\n\t\t<\/section>\n\t\t\t\t\t\t\t<\/div>\n\t\t","protected":false},"excerpt":{"rendered":"<p>Pol\u00edtica de privacitat 1. INFORMACI\u00d3 A L&#8217;USUARI Qui \u00e9s el responsable del tractament de les teves dades personals? ATP ENGINEERING AND PACKAGING SL \u00e9s el RESPONSABLE del tractament de les dades personals de l\u2019USUARI i l\u2019informa que aquestes dades seran tractades d\u2019acord amb el que disposa el Reglament (UE) 2016\/679, de 27 d\u2019abril (RGPD), i [&hellip;]<\/p>\n","protected":false},"author":1,"featured_media":0,"parent":0,"menu_order":0,"comment_status":"closed","ping_status":"closed","template":"","meta":{"footnotes":""},"class_list":["post-11216","page","type-page","status-publish","hentry"],"yoast_head":"<!-- This site is optimized with the Yoast SEO plugin v20.10 - https:\/\/yoast.com\/wordpress\/plugins\/seo\/ -->\n<title>Pol\u00edtica de privacitat - ATP<\/title>\n<meta name=\"robots\" content=\"index, follow, max-snippet:-1, max-image-preview:large, max-video-preview:-1\" \/>\n<link rel=\"canonical\" href=\"https:\/\/atp-packaging.com\/ca\/politica-de-privacitat\" \/>\n<meta property=\"og:locale\" content=\"ca_ES\" \/>\n<meta property=\"og:type\" content=\"article\" \/>\n<meta property=\"og:title\" content=\"Pol\u00edtica de privacitat - ATP\" \/>\n<meta property=\"og:description\" content=\"Pol\u00edtica de privacitat 1. INFORMACI\u00d3 A L&#8217;USUARI Qui \u00e9s el responsable del tractament de les teves dades personals? ATP ENGINEERING AND PACKAGING SL \u00e9s el RESPONSABLE del tractament de les dades personals de l\u2019USUARI i l\u2019informa que aquestes dades seran tractades d\u2019acord amb el que disposa el Reglament (UE) 2016\/679, de 27 d\u2019abril (RGPD), i [&hellip;]\" \/>\n<meta property=\"og:url\" content=\"https:\/\/atp-packaging.com\/ca\/politica-de-privacitat\" \/>\n<meta property=\"og:site_name\" content=\"ATP\" \/>\n<meta property=\"article:modified_time\" content=\"2025-10-09T07:51:33+00:00\" \/>\n<meta name=\"twitter:card\" content=\"summary_large_image\" \/>\n<meta name=\"twitter:label1\" content=\"Temps estimat de lectura\" \/>\n\t<meta name=\"twitter:data1\" content=\"5 minuts\" \/>\n<script type=\"application\/ld+json\" class=\"yoast-schema-graph\">{\"@context\":\"https:\/\/schema.org\",\"@graph\":[{\"@type\":\"WebPage\",\"@id\":\"https:\/\/atp-packaging.com\/ca\/politica-de-privacitat\",\"url\":\"https:\/\/atp-packaging.com\/ca\/politica-de-privacitat\",\"name\":\"Pol\u00edtica de privacitat - ATP\",\"isPartOf\":{\"@id\":\"https:\/\/atp-packaging.com\/en\/#website\"},\"datePublished\":\"2022-11-09T14:41:38+00:00\",\"dateModified\":\"2025-10-09T07:51:33+00:00\",\"breadcrumb\":{\"@id\":\"https:\/\/atp-packaging.com\/ca\/politica-de-privacitat#breadcrumb\"},\"inLanguage\":\"ca\",\"potentialAction\":[{\"@type\":\"ReadAction\",\"target\":[\"https:\/\/atp-packaging.com\/ca\/politica-de-privacitat\"]}]},{\"@type\":\"BreadcrumbList\",\"@id\":\"https:\/\/atp-packaging.com\/ca\/politica-de-privacitat#breadcrumb\",\"itemListElement\":[{\"@type\":\"ListItem\",\"position\":1,\"name\":\"Portada\",\"item\":\"https:\/\/atp-packaging.com\/ca\"},{\"@type\":\"ListItem\",\"position\":2,\"name\":\"Pol\u00edtica de privacitat\"}]},{\"@type\":\"WebSite\",\"@id\":\"https:\/\/atp-packaging.com\/en\/#website\",\"url\":\"https:\/\/atp-packaging.com\/en\/\",\"name\":\"ATP\",\"description\":\"ENGINEERING &amp; PACKAGING\",\"publisher\":{\"@id\":\"https:\/\/atp-packaging.com\/en\/#organization\"},\"potentialAction\":[{\"@type\":\"SearchAction\",\"target\":{\"@type\":\"EntryPoint\",\"urlTemplate\":\"https:\/\/atp-packaging.com\/en\/?s={search_term_string}\"},\"query-input\":\"required name=search_term_string\"}],\"inLanguage\":\"ca\"},{\"@type\":\"Organization\",\"@id\":\"https:\/\/atp-packaging.com\/en\/#organization\",\"name\":\"ATP\",\"url\":\"https:\/\/atp-packaging.com\/en\/\",\"logo\":{\"@type\":\"ImageObject\",\"inLanguage\":\"ca\",\"@id\":\"https:\/\/atp-packaging.com\/en\/#\/schema\/logo\/image\/\",\"url\":\"https:\/\/atp-packaging.com\/wp-content\/uploads\/2022\/09\/logo.svg\",\"contentUrl\":\"https:\/\/atp-packaging.com\/wp-content\/uploads\/2022\/09\/logo.svg\",\"caption\":\"ATP\"},\"image\":{\"@id\":\"https:\/\/atp-packaging.com\/en\/#\/schema\/logo\/image\/\"}}]}<\/script>\n<!-- \/ Yoast SEO plugin. -->","yoast_head_json":{"title":"Pol\u00edtica de privacitat - ATP","robots":{"index":"index","follow":"follow","max-snippet":"max-snippet:-1","max-image-preview":"max-image-preview:large","max-video-preview":"max-video-preview:-1"},"canonical":"https:\/\/atp-packaging.com\/ca\/politica-de-privacitat","og_locale":"ca_ES","og_type":"article","og_title":"Pol\u00edtica de privacitat - ATP","og_description":"Pol\u00edtica de privacitat 1. INFORMACI\u00d3 A L&#8217;USUARI Qui \u00e9s el responsable del tractament de les teves dades personals? ATP ENGINEERING AND PACKAGING SL \u00e9s el RESPONSABLE del tractament de les dades personals de l\u2019USUARI i l\u2019informa que aquestes dades seran tractades d\u2019acord amb el que disposa el Reglament (UE) 2016\/679, de 27 d\u2019abril (RGPD), i [&hellip;]","og_url":"https:\/\/atp-packaging.com\/ca\/politica-de-privacitat","og_site_name":"ATP","article_modified_time":"2025-10-09T07:51:33+00:00","twitter_card":"summary_large_image","twitter_misc":{"Temps estimat de lectura":"5 minuts"},"schema":{"@context":"https:\/\/schema.org","@graph":[{"@type":"WebPage","@id":"https:\/\/atp-packaging.com\/ca\/politica-de-privacitat","url":"https:\/\/atp-packaging.com\/ca\/politica-de-privacitat","name":"Pol\u00edtica de privacitat - ATP","isPartOf":{"@id":"https:\/\/atp-packaging.com\/en\/#website"},"datePublished":"2022-11-09T14:41:38+00:00","dateModified":"2025-10-09T07:51:33+00:00","breadcrumb":{"@id":"https:\/\/atp-packaging.com\/ca\/politica-de-privacitat#breadcrumb"},"inLanguage":"ca","potentialAction":[{"@type":"ReadAction","target":["https:\/\/atp-packaging.com\/ca\/politica-de-privacitat"]}]},{"@type":"BreadcrumbList","@id":"https:\/\/atp-packaging.com\/ca\/politica-de-privacitat#breadcrumb","itemListElement":[{"@type":"ListItem","position":1,"name":"Portada","item":"https:\/\/atp-packaging.com\/ca"},{"@type":"ListItem","position":2,"name":"Pol\u00edtica de privacitat"}]},{"@type":"WebSite","@id":"https:\/\/atp-packaging.com\/en\/#website","url":"https:\/\/atp-packaging.com\/en\/","name":"ATP","description":"ENGINEERING &amp; PACKAGING","publisher":{"@id":"https:\/\/atp-packaging.com\/en\/#organization"},"potentialAction":[{"@type":"SearchAction","target":{"@type":"EntryPoint","urlTemplate":"https:\/\/atp-packaging.com\/en\/?s={search_term_string}"},"query-input":"required name=search_term_string"}],"inLanguage":"ca"},{"@type":"Organization","@id":"https:\/\/atp-packaging.com\/en\/#organization","name":"ATP","url":"https:\/\/atp-packaging.com\/en\/","logo":{"@type":"ImageObject","inLanguage":"ca","@id":"https:\/\/atp-packaging.com\/en\/#\/schema\/logo\/image\/","url":"https:\/\/atp-packaging.com\/wp-content\/uploads\/2022\/09\/logo.svg","contentUrl":"https:\/\/atp-packaging.com\/wp-content\/uploads\/2022\/09\/logo.svg","caption":"ATP"},"image":{"@id":"https:\/\/atp-packaging.com\/en\/#\/schema\/logo\/image\/"}}]}},"_links":{"self":[{"href":"https:\/\/atp-packaging.com\/ca\/wp-json\/wp\/v2\/pages\/11216","targetHints":{"allow":["GET"]}}],"collection":[{"href":"https:\/\/atp-packaging.com\/ca\/wp-json\/wp\/v2\/pages"}],"about":[{"href":"https:\/\/atp-packaging.com\/ca\/wp-json\/wp\/v2\/types\/page"}],"author":[{"embeddable":true,"href":"https:\/\/atp-packaging.com\/ca\/wp-json\/wp\/v2\/users\/1"}],"replies":[{"embeddable":true,"href":"https:\/\/atp-packaging.com\/ca\/wp-json\/wp\/v2\/comments?post=11216"}],"version-history":[{"count":4,"href":"https:\/\/atp-packaging.com\/ca\/wp-json\/wp\/v2\/pages\/11216\/revisions"}],"predecessor-version":[{"id":12044,"href":"https:\/\/atp-packaging.com\/ca\/wp-json\/wp\/v2\/pages\/11216\/revisions\/12044"}],"wp:attachment":[{"href":"https:\/\/atp-packaging.com\/ca\/wp-json\/wp\/v2\/media?parent=11216"}],"curies":[{"name":"wp","href":"https:\/\/api.w.org\/{rel}","templated":true}]}}